{"id":10065,"date":"2025-11-30T18:10:03","date_gmt":"2025-11-30T18:10:03","guid":{"rendered":"http:\/\/apartments-jahorina.com\/cijene-apartmana-jahorina\/"},"modified":"2025-12-02T21:32:42","modified_gmt":"2025-12-02T21:32:42","slug":"cene-apartmajev-jahorina","status":"publish","type":"page","link":"https:\/\/apartments-jahorina.com\/sl\/cene-apartmajev-jahorina\/","title":{"rendered":"Cene apartmajev Jahorina"},"content":{"rendered":"\t\t<div data-elementor-type=\"wp-page\" data-elementor-id=\"10065\" class=\"elementor elementor-10065 elementor-9843\">\n\t\t\t\t<div class=\"elementor-element elementor-element-183e9652 e-con-full e-flex e-con e-parent\" data-id=\"183e9652\" data-element_type=\"container\">\n\t\t\t\t<div class=\"elementor-element elementor-element-7e6d769a elementor-widget elementor-widget-html\" data-id=\"7e6d769a\" data-element_type=\"widget\" data-widget_type=\"html.default\">\n\t\t\t\t\t<div class=\"breadcrumb-wrap\">\t\t<div data-elementor-type=\"wp-post\" data-elementor-id=\"3360\" class=\"elementor elementor-3360\">\n\t\t\t\t<div class=\"elementor-element elementor-element-ca5cff3 e-flex e-con-boxed e-con e-parent e-lazyloaded\" data-id=\"ca5cff3\" data-element_type=\"container\" data-settings=\"{&quot;background_background&quot;:&quot;classic&quot;}\">\n\t\t\t\t\t<div class=\"e-con-inner\">\n\t\t\t\t<div class=\"elementor-element elementor-element-bb28bfc hidden-antra-title-single-yes elementor-widget elementor-widget-woocommerce-breadcrumb\" data-id=\"bb28bfc\" data-element_type=\"widget\" data-widget_type=\"woocommerce-breadcrumb.default\">\n\t\t\t\t<div class=\"elementor-widget-container\">\n\t\t\t\t\t<div class=\"antra-woocommerce-title\">Cene apartmajev Jahorina<\/div><nav class=\"woocommerce-breadcrumb\"><a href=\"http:\/\/apartments-jahorina.com\/\">Home<\/a><i class=\"antra-icon-breadcrumb\"><\/i><span class=\"current-page\">Cene apartmajev Jahorina<\/span><\/nav>\t\t\t\t<\/div>\n\t\t\t\t<\/div>\n\t\t\t\t\t<\/div>\n\t\t\t\t<\/div>\n\t\t\t\t<\/div>\n\t\t<\/div>\t\t\t\t<\/div>\n\t\t\t\t<\/div>\n\t\t<div class=\"elementor-element elementor-element-12b6bd6 e-flex e-con-boxed e-con e-parent\" data-id=\"12b6bd6\" data-element_type=\"container\">\n\t\t\t\t\t<div class=\"e-con-inner\">\n\t\t<div class=\"elementor-element elementor-element-7b8b529 e-con-full e-flex e-con e-child\" data-id=\"7b8b529\" data-element_type=\"container\">\n\t\t<div class=\"elementor-element elementor-element-52f5450 e-con-full e-flex e-con e-child\" data-id=\"52f5450\" data-element_type=\"container\">\n\t\t\t\t<div class=\"elementor-element elementor-element-ef7ac5e elementor-absolute elementor-hidden-mobile elementor-view-default elementor-invisible elementor-widget elementor-widget-icon\" data-id=\"ef7ac5e\" data-element_type=\"widget\" data-settings=\"{&quot;_position&quot;:&quot;absolute&quot;,&quot;motion_fx_motion_fx_scrolling&quot;:&quot;yes&quot;,&quot;motion_fx_translateX_effect&quot;:&quot;yes&quot;,&quot;motion_fx_translateX_speed&quot;:{&quot;unit&quot;:&quot;px&quot;,&quot;size&quot;:1.5,&quot;sizes&quot;:[]},&quot;_animation&quot;:&quot;opal-move-right&quot;,&quot;motion_fx_translateX_affectedRange&quot;:{&quot;unit&quot;:&quot;%&quot;,&quot;size&quot;:&quot;&quot;,&quot;sizes&quot;:{&quot;start&quot;:0,&quot;end&quot;:100}},&quot;motion_fx_devices&quot;:[&quot;desktop&quot;,&quot;laptop&quot;,&quot;tablet_extra&quot;,&quot;tablet&quot;,&quot;mobile_extra&quot;,&quot;mobile&quot;]}\" data-widget_type=\"icon.default\">\n\t\t\t\t\t\t\t<div class=\"elementor-icon-wrapper\">\n\t\t\t<div class=\"elementor-icon\">\n\t\t\t\t\t\t<\/div>\n\t\t<\/div>\n\t\t\t\t\t\t<\/div>\n\t\t\t\t<div class=\"elementor-element elementor-element-7a3b481 elementor-widget__width-auto elementor-absolute elementor-hidden-mobile elementor-view-default elementor-invisible elementor-widget elementor-widget-icon\" data-id=\"7a3b481\" data-element_type=\"widget\" data-settings=\"{&quot;_position&quot;:&quot;absolute&quot;,&quot;motion_fx_motion_fx_scrolling&quot;:&quot;yes&quot;,&quot;motion_fx_translateY_effect&quot;:&quot;yes&quot;,&quot;motion_fx_translateY_direction&quot;:&quot;negative&quot;,&quot;motion_fx_translateY_speed&quot;:{&quot;unit&quot;:&quot;px&quot;,&quot;size&quot;:1.2,&quot;sizes&quot;:[]},&quot;_animation&quot;:&quot;opal-move-down&quot;,&quot;motion_fx_translateY_affectedRange&quot;:{&quot;unit&quot;:&quot;%&quot;,&quot;size&quot;:&quot;&quot;,&quot;sizes&quot;:{&quot;start&quot;:0,&quot;end&quot;:100}},&quot;motion_fx_devices&quot;:[&quot;desktop&quot;,&quot;laptop&quot;,&quot;tablet_extra&quot;,&quot;tablet&quot;,&quot;mobile_extra&quot;,&quot;mobile&quot;]}\" data-widget_type=\"icon.default\">\n\t\t\t\t\t\t\t<div class=\"elementor-icon-wrapper\">\n\t\t\t<div class=\"elementor-icon\">\n\t\t\t\t\t\t<\/div>\n\t\t<\/div>\n\t\t\t\t\t\t<\/div>\n\t\t\t\t<\/div>\n\t\t<div class=\"elementor-element elementor-element-4e0b3cc e-con-full e-flex e-con e-child\" data-id=\"4e0b3cc\" data-element_type=\"container\">\n\t\t\t\t<div class=\"elementor-element elementor-element-6bc46d3 elementor-widget__width-initial elementor-invisible elementor-widget elementor-widget-heading\" data-id=\"6bc46d3\" data-element_type=\"widget\" data-settings=\"{&quot;_animation&quot;:&quot;opal-move-left&quot;}\" data-widget_type=\"heading.default\">\n\t\t\t\t\t<h2 data-cursor=\"-opaque\" class=\"elementor-heading-title elementor-size-default\">Cene apartmajev Jahorina \u2013  <span class=\"c-primary\">Bestblick Apartmaji<\/span><\/h2>\t\t\t\t<\/div>\n\t\t\t\t<div class=\"elementor-element elementor-element-4aa09f6 elementor-widget__width-initial elementor-invisible elementor-widget elementor-widget-text-editor\" data-id=\"4aa09f6\" data-element_type=\"widget\" data-settings=\"{&quot;_animation&quot;:&quot;opal-move-left&quot;}\" data-widget_type=\"text-editor.default\">\n\t\t\t\t\t\t\t\t\t<p>Jahorina, ena najbolj priljubljenih smu\u010darskih destinacij v Bosni in Hercegovini, vsako zimo privabi na tiso\u010de turistov, apartmaji pa so zaradi svoje dostopnosti in udobja najpogosteje izbrana vrsta nastanitve. Cene apartmajev na Jahorini se razlikujejo glede na letni \u010das, bli\u017eino smu\u010di\u0161\u010d, udobje in dodatne ugodnosti.<\/p>\t\t\t\t\t\t\t\t<\/div>\n\t\t\t\t<\/div>\n\t\t\t\t<\/div>\n\t\t<div class=\"elementor-element elementor-element-300ae1a e-con-full e-flex e-con e-child\" data-id=\"300ae1a\" data-element_type=\"container\">\n\t\t<div class=\"elementor-element elementor-element-70f5e3f e-con-full e-flex e-con e-child\" data-id=\"70f5e3f\" data-element_type=\"container\">\n\t\t\t\t<div class=\"elementor-element elementor-element-67151ae elementor-invisible elementor-widget elementor-widget-n-accordion\" data-id=\"67151ae\" data-element_type=\"widget\" data-settings=\"{&quot;_animation&quot;:&quot;opal-move-right&quot;,&quot;default_state&quot;:&quot;all_collapsed&quot;,&quot;max_items_expended&quot;:&quot;one&quot;,&quot;n_accordion_animation_duration&quot;:{&quot;unit&quot;:&quot;ms&quot;,&quot;size&quot;:400,&quot;sizes&quot;:[]}}\" data-widget_type=\"nested-accordion.default\">\n\t\t\t\t\t\t\t<div class=\"e-n-accordion\" aria-label=\"Accordion. Open links with Enter or Space, close with Escape, and navigate with Arrow Keys\">\n\t\t\t\t\t\t<details id=\"e-n-accordion-item-1080\" class=\"e-n-accordion-item\" >\n\t\t\t\t<summary class=\"e-n-accordion-item-title\" data-accordion-index=\"1\" tabindex=\"0\" aria-expanded=\"false\" aria-controls=\"e-n-accordion-item-1080\" >\n\t\t\t\t\t<span class='e-n-accordion-item-title-header'><div class=\"e-n-accordion-item-title-text\"> Pregled cen po vrstah stanovanj <\/div><\/span>\n\t\t\t\t\t\t\t<span class='e-n-accordion-item-title-icon'>\n\t\t\t<span class='e-opened' ><i aria-hidden=\"true\" class=\"antra-icon- antra-icon-minus\"><\/i><\/span>\n\t\t\t<span class='e-closed'><i aria-hidden=\"true\" class=\"antra-icon- antra-icon-plus\"><\/i><\/span>\n\t\t<\/span>\n\n\t\t\t\t\t\t<\/summary>\n\t\t\t\t<div role=\"region\" aria-labelledby=\"e-n-accordion-item-1080\" class=\"elementor-element elementor-element-efa299f e-con-full e-flex e-con e-child\" data-id=\"efa299f\" data-element_type=\"container\">\n\t\t\t\t<div class=\"elementor-element elementor-element-bf5b1c6 elementor-widget__width-initial elementor-widget elementor-widget-text-editor\" data-id=\"bf5b1c6\" data-element_type=\"widget\" data-widget_type=\"text-editor.default\">\n\t\t\t\t\t\t\t\t\t<ol><li><p><strong><span dir=\"auto\">Osnovni apartmaji (60\u201380 evrov na no\u010d)<\/span><\/strong><br \/><span dir=\"auto\">Ti apartmaji obi\u010dajno ponujajo osnovne ugodnosti, kot so brezpla\u010den brez\u017ei\u010dni internet, ogrevanje in parkiri\u0161\u010de. Nahajajo se dlje od smu\u010di\u0161\u010d, vendar so \u0161e vedno zelo priljubljeni med gosti z omejenim prora\u010dunom. So idealna izbira za pare ali manj\u0161e dru\u017eine, ki si \u017eelijo cenovno ugodno\u00a0\u00a0<\/span><a href=\"https:\/\/translate.google.com\/website?sl=hr&amp;tl=sl&amp;hl=en&amp;client=webapp&amp;u=https:\/\/apartments-jahorina.com\/smjestaj-jahorina\/\"><span dir=\"auto\">namestitev<\/span><\/a><span dir=\"auto\">\u00a0\u00a0in zasebnosti.<\/span><\/p><\/li><li><p><strong><span dir=\"auto\">Standardni apartmaji (80\u2013100 evrov na no\u010d)<\/span><\/strong><br \/><span dir=\"auto\">Ti apartmaji ponujajo ve\u010d udobja in mnogi se nahajajo bli\u017eje \u017ei\u010dnicam in glavnim progam. Imajo dodatne ugodnosti, kot so sodobne kuhinje, prostorne dnevne sobe in razgled na gorske vrhove. Mnogi so zasnovani za dru\u017eine in manj\u0161e skupine, s prostorom za 4\u20136 oseb, zaradi \u010desar so ekonomi\u010dni za deljenje stro\u0161kov.<\/span><\/p><\/li><li><p><strong><span dir=\"auto\">Luksuzni apartmaji (100\u2013200 evrov na no\u010d)<\/span><\/strong><br \/><span dir=\"auto\">V vrhuncu zimske sezone luksuzni apartmaji ponujajo dodatne ugodnosti, kot so zasebne savne, dostop do wellness centrov, neposreden dostop do smu\u010di\u0161\u010d in popoln panoramski razgled. Priljubljeni so med turisti, ki i\u0161\u010dejo vrhunsko izku\u0161njo in so pripravljeni pla\u010dati ve\u010d za udobje in bli\u017eino smu\u010di\u0161\u010d, od koder se lahko smu\u010date. Ponujajo tudi ugodnosti, kot so kamini, prostorne terase in zasebne gara\u017ee, zaradi \u010desar so idealni za skupine in dru\u017eine.<\/span><\/p><\/li><\/ol>\t\t\t\t\t\t\t\t<\/div>\n\t\t\t\t<\/div>\n\t\t\t\t\t<\/details>\n\t\t\t\t\t\t<details id=\"e-n-accordion-item-1081\" class=\"e-n-accordion-item\" >\n\t\t\t\t<summary class=\"e-n-accordion-item-title\" data-accordion-index=\"2\" tabindex=\"-1\" aria-expanded=\"false\" aria-controls=\"e-n-accordion-item-1081\" >\n\t\t\t\t\t<span class='e-n-accordion-item-title-header'><div class=\"e-n-accordion-item-title-text\"> Cene v sezoni in izven sezone <\/div><\/span>\n\t\t\t\t\t\t\t<span class='e-n-accordion-item-title-icon'>\n\t\t\t<span class='e-opened' ><i aria-hidden=\"true\" class=\"antra-icon- antra-icon-minus\"><\/i><\/span>\n\t\t\t<span class='e-closed'><i aria-hidden=\"true\" class=\"antra-icon- antra-icon-plus\"><\/i><\/span>\n\t\t<\/span>\n\n\t\t\t\t\t\t<\/summary>\n\t\t\t\t<div role=\"region\" aria-labelledby=\"e-n-accordion-item-1081\" class=\"elementor-element elementor-element-f0098d4 e-con-full e-flex e-con e-child\" data-id=\"f0098d4\" data-element_type=\"container\">\n\t\t\t\t<div class=\"elementor-element elementor-element-6580925 elementor-widget__width-initial elementor-widget elementor-widget-text-editor\" data-id=\"6580925\" data-element_type=\"widget\" data-widget_type=\"text-editor.default\">\n\t\t\t\t\t\t\t\t\t<p>Cene apartmajev na Jahorini se zvi\u0161ajo v \u010dasu glavne zimske sezone (od decembra do februarja), zlasti okoli novoletnih praznikov, ko je povpra\u0161evanje najve\u010dje. V teh mesecih so apartmaji bli\u017eje smu\u010di\u0161\u010dem pogosto dra\u017eji in imajo omejeno razpolo\u017eljivost, zato je priporo\u010dljivo rezervirati vnaprej. Izven sezone so cene ni\u017eje in se pogosto gibljejo za pribli\u017eno 20\u201340 % ni\u017eje kot v zimskih mesecih.<\/p>\t\t\t\t\t\t\t\t<\/div>\n\t\t\t\t<\/div>\n\t\t\t\t\t<\/details>\n\t\t\t\t\t\t<details id=\"e-n-accordion-item-1082\" class=\"e-n-accordion-item\" >\n\t\t\t\t<summary class=\"e-n-accordion-item-title\" data-accordion-index=\"3\" tabindex=\"-1\" aria-expanded=\"false\" aria-controls=\"e-n-accordion-item-1082\" >\n\t\t\t\t\t<span class='e-n-accordion-item-title-header'><div class=\"e-n-accordion-item-title-text\"> Priljubljeni apartmaji in priporo\u010dene mo\u017enosti rezervacije <\/div><\/span>\n\t\t\t\t\t\t\t<span class='e-n-accordion-item-title-icon'>\n\t\t\t<span class='e-opened' ><i aria-hidden=\"true\" class=\"antra-icon- antra-icon-minus\"><\/i><\/span>\n\t\t\t<span class='e-closed'><i aria-hidden=\"true\" class=\"antra-icon- antra-icon-plus\"><\/i><\/span>\n\t\t<\/span>\n\n\t\t\t\t\t\t<\/summary>\n\t\t\t\t<div role=\"region\" aria-labelledby=\"e-n-accordion-item-1082\" class=\"elementor-element elementor-element-5471b18 e-con-full e-flex e-con e-child\" data-id=\"5471b18\" data-element_type=\"container\">\n\t\t\t\t<div class=\"elementor-element elementor-element-9cf7c35 elementor-widget__width-initial elementor-widget elementor-widget-text-editor\" data-id=\"9cf7c35\" data-element_type=\"widget\" data-widget_type=\"text-editor.default\">\n\t\t\t\t\t\t\t\t\t<ul><li><strong><span dir=\"auto\">Apartmaji Bestblick Jahorina<\/span><\/strong><span dir=\"auto\">\u00a0\u00a0\u2013 Apartmaji se nahajajo v bli\u017eini smu\u010di\u0161\u010d in ponujajo razko\u0161no izku\u0161njo z balkoni, razgledom na smu\u010di\u0161\u010da, ogrevanjem in prostorno dnevno sobo, cene na no\u010d pa se v sezoni gibljejo od 130 do 200 evrov.<\/span><div class=\"relative inline-flex items-center\"><a class=\"flex h-[22px] items-center rounded-xl px-2 text-[0.5em] !font-medium uppercase bg-[#f4f4f4] !text-token-text-secondary hover:bg-token-text-primary hover:!text-token-main-surface-secondary dark:bg-token-main-surface-secondary dark:hover:bg-token-text-primary relative top-[-0.094rem]\" href=\"https:\/\/translate.google.com\/website?sl=hr&amp;tl=sl&amp;hl=en&amp;client=webapp&amp;u=https:\/\/www.booking.com\/hotel\/ba\/bestblick-apartments-jahorina-snjezna-dolina.en-gb.html\" target=\"_blank\" rel=\"noopener\"><span class=\"truncate\"><span dir=\"auto\">Booking.com<\/span><\/span><\/a><\/div><span dir=\"auto\">.<\/span><\/li><\/ul><p><span dir=\"auto\">Za ve\u010d podrobnosti o najnovej\u0161ih cenah in razpolo\u017eljivosti je priporo\u010dljivo rezervirati prek specializiranih platform, kot je\u00a0\u00a0\u00a0<\/span><a href=\"https:\/\/translate.google.com\/website?sl=hr&amp;tl=sl&amp;hl=en&amp;client=webapp&amp;u=https:\/\/www.booking.com\/hotel\/ba\/bestblick-apartments-jahorina-snjezna-dolina.en-gb.html\" target=\"_new\" rel=\"noopener\"><span dir=\"auto\">Booking.com,<\/span><\/a><span dir=\"auto\">\u00a0\u00a0 kjer so posodobljene vse ponudbe namestitev in popusti za zgodnje rezervacije.<\/span><\/p>\t\t\t\t\t\t\t\t<\/div>\n\t\t\t\t<\/div>\n\t\t\t\t\t<\/details>\n\t\t\t\t\t<\/div>\n\t\t\t\t\t\t<\/div>\n\t\t\t\t<\/div>\n\t\t<div class=\"elementor-element elementor-element-7c44126 e-con-full e-flex e-con e-child\" data-id=\"7c44126\" data-element_type=\"container\">\n\t\t\t\t<div class=\"elementor-element elementor-element-5b562f9 elementor-invisible elementor-widget elementor-widget-image\" data-id=\"5b562f9\" data-element_type=\"widget\" data-settings=\"{&quot;_animation&quot;:&quot;opal-move-left&quot;}\" data-widget_type=\"image.default\">\n\t\t\t\t\t<div class=\"antra-wrapper-image-widget\" data-cursor=\"-opaque\">\t\t\t\t\t\t\t\t\t\t<img loading=\"lazy\" decoding=\"async\" width=\"480\" height=\"540\" src=\"https:\/\/apartments-jahorina.com\/wp-content\/uploads\/2025\/11\/novadesno.jpg\" class=\"attachment-full size-full wp-image-10916\" alt=\"\" srcset=\"https:\/\/apartments-jahorina.com\/wp-content\/uploads\/2025\/11\/novadesno.jpg 480w, https:\/\/apartments-jahorina.com\/wp-content\/uploads\/2025\/11\/novadesno-267x300.jpg 267w\" sizes=\"(max-width: 480px) 100vw, 480px\" \/>\t\t\t\t\t\t\t\t\t\t\t<\/div>\t\t\t\t<\/div>\n\t\t\t\t<\/div>\n\t\t\t\t<\/div>\n\t\t\t\t\t<\/div>\n\t\t\t\t<\/div>\n\t\t\t\t<\/div>\n\t\t","protected":false},"excerpt":{"rendered":"<p>Cene apartmajev Jahorina HomeCene apartmajev Jahorina Cene apartmajev Jahorina \u2013 Bestblick Apartmaji Jahorina, ena najbolj priljubljenih smu\u010darskih destinacij v Bosni in Hercegovini, vsako zimo privabi na tiso\u010de turistov, apartmaji pa so zaradi svoje dostopnosti in udobja najpogosteje izbrana vrsta nastanitve. Cene apartmajev na Jahorini se razlikujejo glede na letni \u010das, bli\u017eino smu\u010di\u0161\u010d, udobje in dodatne [&hellip;]<\/p>\n","protected":false},"author":1,"featured_media":0,"parent":0,"menu_order":0,"comment_status":"closed","ping_status":"closed","template":"","meta":{"footnotes":""},"class_list":["post-10065","page","type-page","status-publish","hentry"],"yoast_head":"<!-- This site is optimized with the Yoast SEO plugin v26.4 - https:\/\/yoast.com\/wordpress\/plugins\/seo\/ -->\n<title>Cene apartmajev Jahorina - BESTBLICK Apartments Jahorina<\/title>\n<meta name=\"robots\" content=\"index, follow, max-snippet:-1, max-image-preview:large, max-video-preview:-1\" \/>\n<link rel=\"canonical\" href=\"https:\/\/apartments-jahorina.com\/cijene-apartmana-jahorina\/\" \/>\n<meta property=\"og:locale\" content=\"sl_SI\" \/>\n<meta property=\"og:type\" content=\"article\" \/>\n<meta property=\"og:title\" content=\"Cene apartmajev Jahorina - BESTBLICK Apartments Jahorina\" \/>\n<meta property=\"og:description\" content=\"Cene apartmajev Jahorina HomeCene apartmajev Jahorina Cene apartmajev Jahorina \u2013 Bestblick Apartmaji Jahorina, ena najbolj priljubljenih smu\u010darskih destinacij v Bosni in Hercegovini, vsako zimo privabi na tiso\u010de turistov, apartmaji pa so zaradi svoje dostopnosti in udobja najpogosteje izbrana vrsta nastanitve. Cene apartmajev na Jahorini se razlikujejo glede na letni \u010das, bli\u017eino smu\u010di\u0161\u010d, udobje in dodatne [&hellip;]\" \/>\n<meta property=\"og:url\" content=\"https:\/\/apartments-jahorina.com\/cijene-apartmana-jahorina\/\" \/>\n<meta property=\"og:site_name\" content=\"BESTBLICK Apartments Jahorina\" \/>\n<meta property=\"article:modified_time\" content=\"2025-12-02T21:32:42+00:00\" \/>\n<meta property=\"og:image\" content=\"http:\/\/apartments-jahorina.com\/wp-content\/uploads\/2025\/11\/novadesno.jpg\" \/>\n<meta name=\"twitter:card\" content=\"summary_large_image\" \/>\n<meta name=\"twitter:label1\" content=\"Est. reading time\" \/>\n\t<meta name=\"twitter:data1\" content=\"4 minute\" \/>\n<script type=\"application\/ld+json\" class=\"yoast-schema-graph\">{\"@context\":\"https:\/\/schema.org\",\"@graph\":[{\"@type\":\"WebPage\",\"@id\":\"https:\/\/apartments-jahorina.com\/cijene-apartmana-jahorina\/\",\"url\":\"https:\/\/apartments-jahorina.com\/cijene-apartmana-jahorina\/\",\"name\":\"Cene apartmajev Jahorina - BESTBLICK Apartments Jahorina\",\"isPartOf\":{\"@id\":\"https:\/\/apartments-jahorina.com\/#website\"},\"primaryImageOfPage\":{\"@id\":\"https:\/\/apartments-jahorina.com\/cijene-apartmana-jahorina\/#primaryimage\"},\"image\":{\"@id\":\"https:\/\/apartments-jahorina.com\/cijene-apartmana-jahorina\/#primaryimage\"},\"thumbnailUrl\":\"http:\/\/apartments-jahorina.com\/wp-content\/uploads\/2025\/11\/novadesno.jpg\",\"datePublished\":\"2025-11-30T18:10:03+00:00\",\"dateModified\":\"2025-12-02T21:32:42+00:00\",\"breadcrumb\":{\"@id\":\"https:\/\/apartments-jahorina.com\/cijene-apartmana-jahorina\/#breadcrumb\"},\"inLanguage\":\"sl-SI\",\"potentialAction\":[{\"@type\":\"ReadAction\",\"target\":[\"https:\/\/apartments-jahorina.com\/cijene-apartmana-jahorina\/\"]}]},{\"@type\":\"ImageObject\",\"inLanguage\":\"sl-SI\",\"@id\":\"https:\/\/apartments-jahorina.com\/cijene-apartmana-jahorina\/#primaryimage\",\"url\":\"http:\/\/apartments-jahorina.com\/wp-content\/uploads\/2025\/11\/novadesno.jpg\",\"contentUrl\":\"http:\/\/apartments-jahorina.com\/wp-content\/uploads\/2025\/11\/novadesno.jpg\"},{\"@type\":\"BreadcrumbList\",\"@id\":\"https:\/\/apartments-jahorina.com\/cijene-apartmana-jahorina\/#breadcrumb\",\"itemListElement\":[{\"@type\":\"ListItem\",\"position\":1,\"name\":\"Home\",\"item\":\"https:\/\/apartments-jahorina.com\/sl\/\"},{\"@type\":\"ListItem\",\"position\":2,\"name\":\"Cene apartmajev Jahorina\"}]},{\"@type\":\"WebSite\",\"@id\":\"https:\/\/apartments-jahorina.com\/#website\",\"url\":\"https:\/\/apartments-jahorina.com\/\",\"name\":\"BESTBLICK Apartments Jahorina\",\"description\":\"Moderni apartmani s pogledom na ski-stazu\",\"potentialAction\":[{\"@type\":\"SearchAction\",\"target\":{\"@type\":\"EntryPoint\",\"urlTemplate\":\"https:\/\/apartments-jahorina.com\/?s={search_term_string}\"},\"query-input\":{\"@type\":\"PropertyValueSpecification\",\"valueRequired\":true,\"valueName\":\"search_term_string\"}}],\"inLanguage\":\"sl-SI\"}]}<\/script>\n<!-- \/ Yoast SEO plugin. -->","yoast_head_json":{"title":"Cene apartmajev Jahorina - BESTBLICK Apartments Jahorina","robots":{"index":"index","follow":"follow","max-snippet":"max-snippet:-1","max-image-preview":"max-image-preview:large","max-video-preview":"max-video-preview:-1"},"canonical":"https:\/\/apartments-jahorina.com\/cijene-apartmana-jahorina\/","og_locale":"sl_SI","og_type":"article","og_title":"Cene apartmajev Jahorina - BESTBLICK Apartments Jahorina","og_description":"Cene apartmajev Jahorina HomeCene apartmajev Jahorina Cene apartmajev Jahorina \u2013 Bestblick Apartmaji Jahorina, ena najbolj priljubljenih smu\u010darskih destinacij v Bosni in Hercegovini, vsako zimo privabi na tiso\u010de turistov, apartmaji pa so zaradi svoje dostopnosti in udobja najpogosteje izbrana vrsta nastanitve. Cene apartmajev na Jahorini se razlikujejo glede na letni \u010das, bli\u017eino smu\u010di\u0161\u010d, udobje in dodatne [&hellip;]","og_url":"https:\/\/apartments-jahorina.com\/cijene-apartmana-jahorina\/","og_site_name":"BESTBLICK Apartments Jahorina","article_modified_time":"2025-12-02T21:32:42+00:00","og_image":[{"url":"http:\/\/apartments-jahorina.com\/wp-content\/uploads\/2025\/11\/novadesno.jpg","type":"","width":"","height":""}],"twitter_card":"summary_large_image","twitter_misc":{"Est. reading time":"4 minute"},"schema":{"@context":"https:\/\/schema.org","@graph":[{"@type":"WebPage","@id":"https:\/\/apartments-jahorina.com\/cijene-apartmana-jahorina\/","url":"https:\/\/apartments-jahorina.com\/cijene-apartmana-jahorina\/","name":"Cene apartmajev Jahorina - BESTBLICK Apartments Jahorina","isPartOf":{"@id":"https:\/\/apartments-jahorina.com\/#website"},"primaryImageOfPage":{"@id":"https:\/\/apartments-jahorina.com\/cijene-apartmana-jahorina\/#primaryimage"},"image":{"@id":"https:\/\/apartments-jahorina.com\/cijene-apartmana-jahorina\/#primaryimage"},"thumbnailUrl":"http:\/\/apartments-jahorina.com\/wp-content\/uploads\/2025\/11\/novadesno.jpg","datePublished":"2025-11-30T18:10:03+00:00","dateModified":"2025-12-02T21:32:42+00:00","breadcrumb":{"@id":"https:\/\/apartments-jahorina.com\/cijene-apartmana-jahorina\/#breadcrumb"},"inLanguage":"sl-SI","potentialAction":[{"@type":"ReadAction","target":["https:\/\/apartments-jahorina.com\/cijene-apartmana-jahorina\/"]}]},{"@type":"ImageObject","inLanguage":"sl-SI","@id":"https:\/\/apartments-jahorina.com\/cijene-apartmana-jahorina\/#primaryimage","url":"http:\/\/apartments-jahorina.com\/wp-content\/uploads\/2025\/11\/novadesno.jpg","contentUrl":"http:\/\/apartments-jahorina.com\/wp-content\/uploads\/2025\/11\/novadesno.jpg"},{"@type":"BreadcrumbList","@id":"https:\/\/apartments-jahorina.com\/cijene-apartmana-jahorina\/#breadcrumb","itemListElement":[{"@type":"ListItem","position":1,"name":"Home","item":"https:\/\/apartments-jahorina.com\/sl\/"},{"@type":"ListItem","position":2,"name":"Cene apartmajev Jahorina"}]},{"@type":"WebSite","@id":"https:\/\/apartments-jahorina.com\/#website","url":"https:\/\/apartments-jahorina.com\/","name":"BESTBLICK Apartments Jahorina","description":"Moderni apartmani s pogledom na ski-stazu","potentialAction":[{"@type":"SearchAction","target":{"@type":"EntryPoint","urlTemplate":"https:\/\/apartments-jahorina.com\/?s={search_term_string}"},"query-input":{"@type":"PropertyValueSpecification","valueRequired":true,"valueName":"search_term_string"}}],"inLanguage":"sl-SI"}]}},"_links":{"self":[{"href":"https:\/\/apartments-jahorina.com\/sl\/wp-json\/wp\/v2\/pages\/10065","targetHints":{"allow":["GET"]}}],"collection":[{"href":"https:\/\/apartments-jahorina.com\/sl\/wp-json\/wp\/v2\/pages"}],"about":[{"href":"https:\/\/apartments-jahorina.com\/sl\/wp-json\/wp\/v2\/types\/page"}],"author":[{"embeddable":true,"href":"https:\/\/apartments-jahorina.com\/sl\/wp-json\/wp\/v2\/users\/1"}],"replies":[{"embeddable":true,"href":"https:\/\/apartments-jahorina.com\/sl\/wp-json\/wp\/v2\/comments?post=10065"}],"version-history":[{"count":7,"href":"https:\/\/apartments-jahorina.com\/sl\/wp-json\/wp\/v2\/pages\/10065\/revisions"}],"predecessor-version":[{"id":11410,"href":"https:\/\/apartments-jahorina.com\/sl\/wp-json\/wp\/v2\/pages\/10065\/revisions\/11410"}],"wp:attachment":[{"href":"https:\/\/apartments-jahorina.com\/sl\/wp-json\/wp\/v2\/media?parent=10065"}],"curies":[{"name":"wp","href":"https:\/\/api.w.org\/{rel}","templated":true}]}}