{"id":13293,"date":"2026-01-26T20:00:06","date_gmt":"2026-01-26T20:00:06","guid":{"rendered":"https:\/\/apartments-jahorina.com\/?page_id=13293"},"modified":"2026-02-02T02:37:30","modified_gmt":"2026-02-02T02:37:30","slug":"cene-namestitev-na-jahorini","status":"publish","type":"page","link":"https:\/\/apartments-jahorina.com\/sl\/cene-namestitev-na-jahorini\/","title":{"rendered":"Cene namestitev na Jahorini"},"content":{"rendered":"\t\t<div data-elementor-type=\"wp-page\" data-elementor-id=\"13293\" class=\"elementor elementor-13293 elementor-13287\">\n\t\t\t\t<div class=\"elementor-element elementor-element-12b6bd6 e-flex e-con-boxed e-con e-parent\" data-id=\"12b6bd6\" data-element_type=\"container\">\n\t\t\t\t\t<div class=\"e-con-inner\">\n\t\t<div class=\"elementor-element elementor-element-7b8b529 e-con-full e-flex e-con e-child\" data-id=\"7b8b529\" data-element_type=\"container\">\n\t\t<div class=\"elementor-element elementor-element-52f5450 e-con-full e-flex e-con e-child\" data-id=\"52f5450\" data-element_type=\"container\">\n\t\t\t\t<div class=\"elementor-element elementor-element-ef7ac5e elementor-absolute elementor-hidden-mobile elementor-view-default elementor-invisible elementor-widget elementor-widget-icon\" data-id=\"ef7ac5e\" data-element_type=\"widget\" data-settings=\"{&quot;_position&quot;:&quot;absolute&quot;,&quot;motion_fx_motion_fx_scrolling&quot;:&quot;yes&quot;,&quot;motion_fx_translateX_effect&quot;:&quot;yes&quot;,&quot;motion_fx_translateX_speed&quot;:{&quot;unit&quot;:&quot;px&quot;,&quot;size&quot;:1.5,&quot;sizes&quot;:[]},&quot;_animation&quot;:&quot;opal-move-right&quot;,&quot;motion_fx_translateX_affectedRange&quot;:{&quot;unit&quot;:&quot;%&quot;,&quot;size&quot;:&quot;&quot;,&quot;sizes&quot;:{&quot;start&quot;:0,&quot;end&quot;:100}},&quot;motion_fx_devices&quot;:[&quot;desktop&quot;,&quot;laptop&quot;,&quot;tablet_extra&quot;,&quot;tablet&quot;,&quot;mobile_extra&quot;,&quot;mobile&quot;]}\" data-widget_type=\"icon.default\">\n\t\t\t\t\t\t\t<div class=\"elementor-icon-wrapper\">\n\t\t\t<div class=\"elementor-icon\">\n\t\t\t\t\t\t<\/div>\n\t\t<\/div>\n\t\t\t\t\t\t<\/div>\n\t\t\t\t<div class=\"elementor-element elementor-element-7a3b481 elementor-widget__width-auto elementor-absolute elementor-hidden-mobile elementor-view-default elementor-invisible elementor-widget elementor-widget-icon\" data-id=\"7a3b481\" data-element_type=\"widget\" data-settings=\"{&quot;_position&quot;:&quot;absolute&quot;,&quot;motion_fx_motion_fx_scrolling&quot;:&quot;yes&quot;,&quot;motion_fx_translateY_effect&quot;:&quot;yes&quot;,&quot;motion_fx_translateY_direction&quot;:&quot;negative&quot;,&quot;motion_fx_translateY_speed&quot;:{&quot;unit&quot;:&quot;px&quot;,&quot;size&quot;:1.2,&quot;sizes&quot;:[]},&quot;_animation&quot;:&quot;opal-move-down&quot;,&quot;motion_fx_translateY_affectedRange&quot;:{&quot;unit&quot;:&quot;%&quot;,&quot;size&quot;:&quot;&quot;,&quot;sizes&quot;:{&quot;start&quot;:0,&quot;end&quot;:100}},&quot;motion_fx_devices&quot;:[&quot;desktop&quot;,&quot;laptop&quot;,&quot;tablet_extra&quot;,&quot;tablet&quot;,&quot;mobile_extra&quot;,&quot;mobile&quot;]}\" data-widget_type=\"icon.default\">\n\t\t\t\t\t\t\t<div class=\"elementor-icon-wrapper\">\n\t\t\t<div class=\"elementor-icon\">\n\t\t\t\t\t\t<\/div>\n\t\t<\/div>\n\t\t\t\t\t\t<\/div>\n\t\t\t\t<\/div>\n\t\t<div class=\"elementor-element elementor-element-4e0b3cc e-con-full e-flex e-con e-child\" data-id=\"4e0b3cc\" data-element_type=\"container\">\n\t\t\t\t<div class=\"elementor-element elementor-element-6bc46d3 elementor-widget__width-initial elementor-invisible elementor-widget elementor-widget-heading\" data-id=\"6bc46d3\" data-element_type=\"widget\" data-settings=\"{&quot;_animation&quot;:&quot;opal-move-left&quot;}\" data-widget_type=\"heading.default\">\n\t\t\t\t\t<h2 data-cursor=\"-opaque\" class=\"elementor-heading-title elementor-size-default\">Cene namestitev na Jahorini \u2013  <span class=\"c-primary\">Bestblick Apartmaji<\/span><\/h2>\t\t\t\t<\/div>\n\t\t\t\t<div class=\"elementor-element elementor-element-4aa09f6 elementor-widget__width-initial elementor-invisible elementor-widget elementor-widget-text-editor\" data-id=\"4aa09f6\" data-element_type=\"widget\" data-settings=\"{&quot;_animation&quot;:&quot;opal-move-left&quot;}\" data-widget_type=\"text-editor.default\">\n\t\t\t\t\t\t\t\t\t<p>Jahorina ponuja \u0161iroko paleto mo\u017enosti nastanitve, od luksuznih apartmajev do cenovno ugodnih ko\u010d in penzionov. Cene namestitev se razlikujejo glede na vrsto nepremi\u010dnine, lokacijo in dodatne ugodnosti.<\/p><p>Za luksuzne apartmaje v bli\u017eini smu\u010di\u0161\u010d se cene obi\u010dajno za\u010dnejo pri pribli\u017eno 80\u2013100 evrih na no\u010d za dva odrasla v glavni sezoni. Ti apartmaji pogosto vklju\u010dujejo sodobne ugodnosti, kot so Wi-Fi, dobro opremljene kuhinje in bli\u017eina \u017ei\u010dnic. Nekatere namestitve ponujajo tudi dodatne ugodnosti, kot sta dostop do smu\u010darske \u0161ole ali izposoja smu\u010darske opreme, zaradi \u010desar so idealne za ljubitelje smu\u010danja.<\/p><p>Hi\u0161ke hi\u0161e in penzioni so priljubljena mo\u017enost za dru\u017eine in skupine prijateljev, cene pa so lahko ni\u017eje v primerjavi z luksuznimi apartmaji, pogosto v razponu od 60 do 80 evrov na no\u010d. Penzioni obi\u010dajno ponujajo obroke in dodatne ugodnosti, kot so otro\u0161ka igri\u0161\u010da, spa centri in \u0161portna igri\u0161\u010da, kar prispeva k prijetnemu oddihu dru\u017eine.<\/p><p>Zasebne namestitve na Jahorini so priljubljene tudi med obiskovalci, ki i\u0161\u010dejo ugodnej\u0161o ceno, saj so nekatere visoko ocenjene nepremi\u010dnine na voljo \u017ee za 60 evrov na no\u010d. Tak\u0161ne nepremi\u010dnine ponujajo prijetno vzdu\u0161je z doma\u010do postre\u017ebo in lahko vklju\u010dujejo skupne prostore, kot so dnevne sobe in vrtovi.<\/p><p>Za rezervacije in dodatne informacije o razpolo\u017eljivosti namestitev je priporo\u010dljivo obiskati specializirana spletna mesta, kot je Booking.com in podobna, kjer so na voljo podrobnosti o ponudbah, slike nepremi\u010dnin in ocene gostov.<\/p>\t\t\t\t\t\t\t\t<\/div>\n\t\t\t\t<\/div>\n\t\t\t\t<\/div>\n\t\t\t\t\t<\/div>\n\t\t\t\t<\/div>\n\t\t\t\t<\/div>\n\t\t","protected":false},"excerpt":{"rendered":"<p>Cene namestitev na Jahorini \u2013 Bestblick Apartmaji Jahorina ponuja \u0161iroko paleto mo\u017enosti nastanitve, od luksuznih apartmajev do cenovno ugodnih ko\u010d in penzionov. Cene namestitev se razlikujejo glede na vrsto nepremi\u010dnine, lokacijo in dodatne ugodnosti. Za luksuzne apartmaje v bli\u017eini smu\u010di\u0161\u010d se cene obi\u010dajno za\u010dnejo pri pribli\u017eno 80\u2013100 evrih na no\u010d za dva odrasla v glavni [&hellip;]<\/p>\n","protected":false},"author":1,"featured_media":0,"parent":0,"menu_order":0,"comment_status":"closed","ping_status":"closed","template":"","meta":{"footnotes":""},"class_list":["post-13293","page","type-page","status-publish","hentry"],"yoast_head":"<!-- This site is optimized with the Yoast SEO plugin v26.4 - https:\/\/yoast.com\/wordpress\/plugins\/seo\/ -->\n<title>Cene namestitev na Jahorini - BESTBLICK Apartments Jahorina<\/title>\n<meta name=\"robots\" content=\"index, follow, max-snippet:-1, max-image-preview:large, max-video-preview:-1\" \/>\n<link rel=\"canonical\" href=\"https:\/\/apartments-jahorina.com\/sl\/cene-namestitev-na-jahorini\/\" \/>\n<meta property=\"og:locale\" content=\"sl_SI\" \/>\n<meta property=\"og:type\" content=\"article\" \/>\n<meta property=\"og:title\" content=\"Cene namestitev na Jahorini - BESTBLICK Apartments Jahorina\" \/>\n<meta property=\"og:description\" content=\"Cene namestitev na Jahorini \u2013 Bestblick Apartmaji Jahorina ponuja \u0161iroko paleto mo\u017enosti nastanitve, od luksuznih apartmajev do cenovno ugodnih ko\u010d in penzionov. Cene namestitev se razlikujejo glede na vrsto nepremi\u010dnine, lokacijo in dodatne ugodnosti. Za luksuzne apartmaje v bli\u017eini smu\u010di\u0161\u010d se cene obi\u010dajno za\u010dnejo pri pribli\u017eno 80\u2013100 evrih na no\u010d za dva odrasla v glavni [&hellip;]\" \/>\n<meta property=\"og:url\" content=\"https:\/\/apartments-jahorina.com\/sl\/cene-namestitev-na-jahorini\/\" \/>\n<meta property=\"og:site_name\" content=\"BESTBLICK Apartments Jahorina\" \/>\n<meta property=\"article:modified_time\" content=\"2026-02-02T02:37:30+00:00\" \/>\n<meta name=\"twitter:card\" content=\"summary_large_image\" \/>\n<script type=\"application\/ld+json\" class=\"yoast-schema-graph\">{\"@context\":\"https:\/\/schema.org\",\"@graph\":[{\"@type\":\"WebPage\",\"@id\":\"https:\/\/apartments-jahorina.com\/sl\/cene-namestitev-na-jahorini\/\",\"url\":\"https:\/\/apartments-jahorina.com\/sl\/cene-namestitev-na-jahorini\/\",\"name\":\"Cene namestitev na Jahorini - BESTBLICK Apartments Jahorina\",\"isPartOf\":{\"@id\":\"https:\/\/apartments-jahorina.com\/#website\"},\"datePublished\":\"2026-01-26T20:00:06+00:00\",\"dateModified\":\"2026-02-02T02:37:30+00:00\",\"breadcrumb\":{\"@id\":\"https:\/\/apartments-jahorina.com\/sl\/cene-namestitev-na-jahorini\/#breadcrumb\"},\"inLanguage\":\"sl-SI\",\"potentialAction\":[{\"@type\":\"ReadAction\",\"target\":[\"https:\/\/apartments-jahorina.com\/sl\/cene-namestitev-na-jahorini\/\"]}]},{\"@type\":\"BreadcrumbList\",\"@id\":\"https:\/\/apartments-jahorina.com\/sl\/cene-namestitev-na-jahorini\/#breadcrumb\",\"itemListElement\":[{\"@type\":\"ListItem\",\"position\":1,\"name\":\"Home\",\"item\":\"https:\/\/apartments-jahorina.com\/sl\/\"},{\"@type\":\"ListItem\",\"position\":2,\"name\":\"Cene namestitev na Jahorini\"}]},{\"@type\":\"WebSite\",\"@id\":\"https:\/\/apartments-jahorina.com\/#website\",\"url\":\"https:\/\/apartments-jahorina.com\/\",\"name\":\"BESTBLICK Apartments Jahorina\",\"description\":\"Moderni apartmani s pogledom na ski-stazu\",\"potentialAction\":[{\"@type\":\"SearchAction\",\"target\":{\"@type\":\"EntryPoint\",\"urlTemplate\":\"https:\/\/apartments-jahorina.com\/?s={search_term_string}\"},\"query-input\":{\"@type\":\"PropertyValueSpecification\",\"valueRequired\":true,\"valueName\":\"search_term_string\"}}],\"inLanguage\":\"sl-SI\"}]}<\/script>\n<!-- \/ Yoast SEO plugin. -->","yoast_head_json":{"title":"Cene namestitev na Jahorini - BESTBLICK Apartments Jahorina","robots":{"index":"index","follow":"follow","max-snippet":"max-snippet:-1","max-image-preview":"max-image-preview:large","max-video-preview":"max-video-preview:-1"},"canonical":"https:\/\/apartments-jahorina.com\/sl\/cene-namestitev-na-jahorini\/","og_locale":"sl_SI","og_type":"article","og_title":"Cene namestitev na Jahorini - BESTBLICK Apartments Jahorina","og_description":"Cene namestitev na Jahorini \u2013 Bestblick Apartmaji Jahorina ponuja \u0161iroko paleto mo\u017enosti nastanitve, od luksuznih apartmajev do cenovno ugodnih ko\u010d in penzionov. Cene namestitev se razlikujejo glede na vrsto nepremi\u010dnine, lokacijo in dodatne ugodnosti. Za luksuzne apartmaje v bli\u017eini smu\u010di\u0161\u010d se cene obi\u010dajno za\u010dnejo pri pribli\u017eno 80\u2013100 evrih na no\u010d za dva odrasla v glavni [&hellip;]","og_url":"https:\/\/apartments-jahorina.com\/sl\/cene-namestitev-na-jahorini\/","og_site_name":"BESTBLICK Apartments Jahorina","article_modified_time":"2026-02-02T02:37:30+00:00","twitter_card":"summary_large_image","schema":{"@context":"https:\/\/schema.org","@graph":[{"@type":"WebPage","@id":"https:\/\/apartments-jahorina.com\/sl\/cene-namestitev-na-jahorini\/","url":"https:\/\/apartments-jahorina.com\/sl\/cene-namestitev-na-jahorini\/","name":"Cene namestitev na Jahorini - BESTBLICK Apartments Jahorina","isPartOf":{"@id":"https:\/\/apartments-jahorina.com\/#website"},"datePublished":"2026-01-26T20:00:06+00:00","dateModified":"2026-02-02T02:37:30+00:00","breadcrumb":{"@id":"https:\/\/apartments-jahorina.com\/sl\/cene-namestitev-na-jahorini\/#breadcrumb"},"inLanguage":"sl-SI","potentialAction":[{"@type":"ReadAction","target":["https:\/\/apartments-jahorina.com\/sl\/cene-namestitev-na-jahorini\/"]}]},{"@type":"BreadcrumbList","@id":"https:\/\/apartments-jahorina.com\/sl\/cene-namestitev-na-jahorini\/#breadcrumb","itemListElement":[{"@type":"ListItem","position":1,"name":"Home","item":"https:\/\/apartments-jahorina.com\/sl\/"},{"@type":"ListItem","position":2,"name":"Cene namestitev na Jahorini"}]},{"@type":"WebSite","@id":"https:\/\/apartments-jahorina.com\/#website","url":"https:\/\/apartments-jahorina.com\/","name":"BESTBLICK Apartments Jahorina","description":"Moderni apartmani s pogledom na ski-stazu","potentialAction":[{"@type":"SearchAction","target":{"@type":"EntryPoint","urlTemplate":"https:\/\/apartments-jahorina.com\/?s={search_term_string}"},"query-input":{"@type":"PropertyValueSpecification","valueRequired":true,"valueName":"search_term_string"}}],"inLanguage":"sl-SI"}]}},"_links":{"self":[{"href":"https:\/\/apartments-jahorina.com\/sl\/wp-json\/wp\/v2\/pages\/13293","targetHints":{"allow":["GET"]}}],"collection":[{"href":"https:\/\/apartments-jahorina.com\/sl\/wp-json\/wp\/v2\/pages"}],"about":[{"href":"https:\/\/apartments-jahorina.com\/sl\/wp-json\/wp\/v2\/types\/page"}],"author":[{"embeddable":true,"href":"https:\/\/apartments-jahorina.com\/sl\/wp-json\/wp\/v2\/users\/1"}],"replies":[{"embeddable":true,"href":"https:\/\/apartments-jahorina.com\/sl\/wp-json\/wp\/v2\/comments?post=13293"}],"version-history":[{"count":5,"href":"https:\/\/apartments-jahorina.com\/sl\/wp-json\/wp\/v2\/pages\/13293\/revisions"}],"predecessor-version":[{"id":13344,"href":"https:\/\/apartments-jahorina.com\/sl\/wp-json\/wp\/v2\/pages\/13293\/revisions\/13344"}],"wp:attachment":[{"href":"https:\/\/apartments-jahorina.com\/sl\/wp-json\/wp\/v2\/media?parent=13293"}],"curies":[{"name":"wp","href":"https:\/\/api.w.org\/{rel}","templated":true}]}}