{"id":13351,"date":"2026-02-02T03:02:21","date_gmt":"2026-02-02T03:02:21","guid":{"rendered":"https:\/\/apartments-jahorina.com\/?page_id=13351"},"modified":"2026-02-03T11:45:19","modified_gmt":"2026-02-03T11:45:19","slug":"najem-nastanitve-na-jahorini","status":"publish","type":"page","link":"https:\/\/apartments-jahorina.com\/sl\/najem-nastanitve-na-jahorini\/","title":{"rendered":"Najem nastanitve na Jahorini"},"content":{"rendered":"\t\t<div data-elementor-type=\"wp-page\" data-elementor-id=\"13351\" class=\"elementor elementor-13351 elementor-13345\">\n\t\t\t\t<div class=\"elementor-element elementor-element-12b6bd6 e-flex e-con-boxed e-con e-parent\" data-id=\"12b6bd6\" data-element_type=\"container\">\n\t\t\t\t\t<div class=\"e-con-inner\">\n\t\t<div class=\"elementor-element elementor-element-7b8b529 e-con-full e-flex e-con e-child\" data-id=\"7b8b529\" data-element_type=\"container\">\n\t\t<div class=\"elementor-element elementor-element-52f5450 e-con-full e-flex e-con e-child\" data-id=\"52f5450\" data-element_type=\"container\">\n\t\t\t\t<div class=\"elementor-element elementor-element-ef7ac5e elementor-absolute elementor-hidden-mobile elementor-view-default elementor-invisible elementor-widget elementor-widget-icon\" data-id=\"ef7ac5e\" data-element_type=\"widget\" data-settings=\"{&quot;_position&quot;:&quot;absolute&quot;,&quot;motion_fx_motion_fx_scrolling&quot;:&quot;yes&quot;,&quot;motion_fx_translateX_effect&quot;:&quot;yes&quot;,&quot;motion_fx_translateX_speed&quot;:{&quot;unit&quot;:&quot;px&quot;,&quot;size&quot;:1.5,&quot;sizes&quot;:[]},&quot;_animation&quot;:&quot;opal-move-right&quot;,&quot;motion_fx_translateX_affectedRange&quot;:{&quot;unit&quot;:&quot;%&quot;,&quot;size&quot;:&quot;&quot;,&quot;sizes&quot;:{&quot;start&quot;:0,&quot;end&quot;:100}},&quot;motion_fx_devices&quot;:[&quot;desktop&quot;,&quot;laptop&quot;,&quot;tablet_extra&quot;,&quot;tablet&quot;,&quot;mobile_extra&quot;,&quot;mobile&quot;]}\" data-widget_type=\"icon.default\">\n\t\t\t\t\t\t\t<div class=\"elementor-icon-wrapper\">\n\t\t\t<div class=\"elementor-icon\">\n\t\t\t\t\t\t<\/div>\n\t\t<\/div>\n\t\t\t\t\t\t<\/div>\n\t\t\t\t<div class=\"elementor-element elementor-element-7a3b481 elementor-widget__width-auto elementor-absolute elementor-hidden-mobile elementor-view-default elementor-invisible elementor-widget elementor-widget-icon\" data-id=\"7a3b481\" data-element_type=\"widget\" data-settings=\"{&quot;_position&quot;:&quot;absolute&quot;,&quot;motion_fx_motion_fx_scrolling&quot;:&quot;yes&quot;,&quot;motion_fx_translateY_effect&quot;:&quot;yes&quot;,&quot;motion_fx_translateY_direction&quot;:&quot;negative&quot;,&quot;motion_fx_translateY_speed&quot;:{&quot;unit&quot;:&quot;px&quot;,&quot;size&quot;:1.2,&quot;sizes&quot;:[]},&quot;_animation&quot;:&quot;opal-move-down&quot;,&quot;motion_fx_translateY_affectedRange&quot;:{&quot;unit&quot;:&quot;%&quot;,&quot;size&quot;:&quot;&quot;,&quot;sizes&quot;:{&quot;start&quot;:0,&quot;end&quot;:100}},&quot;motion_fx_devices&quot;:[&quot;desktop&quot;,&quot;laptop&quot;,&quot;tablet_extra&quot;,&quot;tablet&quot;,&quot;mobile_extra&quot;,&quot;mobile&quot;]}\" data-widget_type=\"icon.default\">\n\t\t\t\t\t\t\t<div class=\"elementor-icon-wrapper\">\n\t\t\t<div class=\"elementor-icon\">\n\t\t\t\t\t\t<\/div>\n\t\t<\/div>\n\t\t\t\t\t\t<\/div>\n\t\t\t\t<\/div>\n\t\t<div class=\"elementor-element elementor-element-4e0b3cc e-con-full e-flex e-con e-child\" data-id=\"4e0b3cc\" data-element_type=\"container\">\n\t\t\t\t<div class=\"elementor-element elementor-element-6bc46d3 elementor-widget__width-initial elementor-invisible elementor-widget elementor-widget-heading\" data-id=\"6bc46d3\" data-element_type=\"widget\" data-settings=\"{&quot;_animation&quot;:&quot;opal-move-left&quot;}\" data-widget_type=\"heading.default\">\n\t\t\t\t\t<h2 data-cursor=\"-opaque\" class=\"elementor-heading-title elementor-size-default\">Najem nastanitve na Jahorini \u2013  <span class=\"c-primary\">Popolne po\u010ditnice za ljubitelje narave in smu\u010danja<\/span><\/h2>\t\t\t\t<\/div>\n\t\t\t\t<div class=\"elementor-element elementor-element-4aa09f6 elementor-widget__width-initial elementor-invisible elementor-widget elementor-widget-text-editor\" data-id=\"4aa09f6\" data-element_type=\"widget\" data-settings=\"{&quot;_animation&quot;:&quot;opal-move-left&quot;}\" data-widget_type=\"text-editor.default\">\n\t\t\t\t\t\t\t\t\t<span dir=\"auto\">Jahorina je priljubljena destinacija za ljubitelje zimskih \u0161portov in narave, najem nastanitev na tej gori pa ponuja \u0161iroko paleto mo\u017enosti, od luksuznih\u00a0<\/span><a href=\"https:\/\/apartments-jahorina.com\/sl\/najem-nastanitve-na-jahorini\/\"><span dir=\"auto\">apartmajev<\/span><\/a><span dir=\"auto\">\u00a0do udobnih ko\u010d in cenovno ugodnih penzionov. Nastanitve se nahajajo v bli\u017eini glavnih smu\u010di\u0161\u010d, kar je idealno za goste, ki si \u017eelijo hitrega dostopa do smu\u010di\u0161\u010d in gorskih aktivnosti.<\/span>\t\t\t\t\t\t\t\t<\/div>\n\t\t\t\t<\/div>\n\t\t\t\t<\/div>\n\t\t<div class=\"elementor-element elementor-element-300ae1a e-con-full e-flex e-con e-child\" data-id=\"300ae1a\" data-element_type=\"container\">\n\t\t<div class=\"elementor-element elementor-element-70f5e3f e-con-full e-flex e-con e-child\" data-id=\"70f5e3f\" data-element_type=\"container\">\n\t\t\t\t<div class=\"elementor-element elementor-element-67151ae elementor-invisible elementor-widget elementor-widget-n-accordion\" data-id=\"67151ae\" data-element_type=\"widget\" data-settings=\"{&quot;_animation&quot;:&quot;opal-move-right&quot;,&quot;default_state&quot;:&quot;all_collapsed&quot;,&quot;max_items_expended&quot;:&quot;one&quot;,&quot;n_accordion_animation_duration&quot;:{&quot;unit&quot;:&quot;ms&quot;,&quot;size&quot;:400,&quot;sizes&quot;:[]}}\" data-widget_type=\"nested-accordion.default\">\n\t\t\t\t\t\t\t<div class=\"e-n-accordion\" aria-label=\"Accordion. Open links with Enter or Space, close with Escape, and navigate with Arrow Keys\">\n\t\t\t\t\t\t<details id=\"e-n-accordion-item-1080\" class=\"e-n-accordion-item\" >\n\t\t\t\t<summary class=\"e-n-accordion-item-title\" data-accordion-index=\"1\" tabindex=\"0\" aria-expanded=\"false\" aria-controls=\"e-n-accordion-item-1080\" >\n\t\t\t\t\t<span class='e-n-accordion-item-title-header'><div class=\"e-n-accordion-item-title-text\"> Vrste nastanitev za najem na Jahorini <\/div><\/span>\n\t\t\t\t\t\t\t<span class='e-n-accordion-item-title-icon'>\n\t\t\t<span class='e-opened' ><i aria-hidden=\"true\" class=\"antra-icon- antra-icon-minus\"><\/i><\/span>\n\t\t\t<span class='e-closed'><i aria-hidden=\"true\" class=\"antra-icon- antra-icon-plus\"><\/i><\/span>\n\t\t<\/span>\n\n\t\t\t\t\t\t<\/summary>\n\t\t\t\t<div role=\"region\" aria-labelledby=\"e-n-accordion-item-1080\" class=\"elementor-element elementor-element-efa299f e-con-full e-flex e-con e-child\" data-id=\"efa299f\" data-element_type=\"container\">\n\t\t\t\t<div class=\"elementor-element elementor-element-bf5b1c6 elementor-widget__width-initial elementor-widget elementor-widget-text-editor\" data-id=\"bf5b1c6\" data-element_type=\"widget\" data-widget_type=\"text-editor.default\">\n\t\t\t\t\t\t\t\t\t<ol><li><strong><span dir=\"auto\">Apartmaji in stanovanja<\/span><\/strong><span dir=\"auto\">\u00a0\u2013 idealna izbira za pare in dru\u017eine. Apartmaji so opremljeni s sodobnimi dodatki in ponujajo brez\u017ei\u010dni internet, kuhinje in prostorne sobe, cene pa se gibljejo od 60 do 200 evrov na no\u010d, odvisno od sezone in lokacije.<\/span><\/li><li><strong><span dir=\"auto\">Ko\u010de<\/span><\/strong><span dir=\"auto\">\u00a0&#8211; Lesene hi\u0161e, ki se nahajajo v mirnej\u0161ih delih Jahorine, so odli\u010dna izbira za skupine, ki si \u017eelijo zasebnosti. Ko\u010de ponujajo pristen gorski ambient in imajo pogosto kamin, teraso in kuhinjo.<\/span><\/li><li><strong><span dir=\"auto\">Hoteli in penzioni<\/span><\/strong><span dir=\"auto\">\u00a0&#8211; Ponujajo dodatne ugodnosti, kot so zajtrk, wellness centri in organizirani izleti. Cene se razlikujejo, vendar zagotavljajo odli\u010dno izbiro za tiste, ki si \u017eelijo dodatnih storitev in udobja.<\/span><\/li><li><strong><span dir=\"auto\">Skupinske vile<\/span><\/strong><span dir=\"auto\">\u00a0&#8211; idealne za ve\u010dje skupine in dru\u017eine, z dodatnimi ugodnostmi, kot so zasebni vrtovi, savna in bli\u017eina glavnih poti, s cenami od 150 evrov naprej na no\u010d.<\/span><\/li><\/ol>\t\t\t\t\t\t\t\t<\/div>\n\t\t\t\t<\/div>\n\t\t\t\t\t<\/details>\n\t\t\t\t\t\t<details id=\"e-n-accordion-item-1081\" class=\"e-n-accordion-item\" >\n\t\t\t\t<summary class=\"e-n-accordion-item-title\" data-accordion-index=\"2\" tabindex=\"-1\" aria-expanded=\"false\" aria-controls=\"e-n-accordion-item-1081\" >\n\t\t\t\t\t<span class='e-n-accordion-item-title-header'><div class=\"e-n-accordion-item-title-text\"> Cene najema <\/div><\/span>\n\t\t\t\t\t\t\t<span class='e-n-accordion-item-title-icon'>\n\t\t\t<span class='e-opened' ><i aria-hidden=\"true\" class=\"antra-icon- antra-icon-minus\"><\/i><\/span>\n\t\t\t<span class='e-closed'><i aria-hidden=\"true\" class=\"antra-icon- antra-icon-plus\"><\/i><\/span>\n\t\t<\/span>\n\n\t\t\t\t\t\t<\/summary>\n\t\t\t\t<div role=\"region\" aria-labelledby=\"e-n-accordion-item-1081\" class=\"elementor-element elementor-element-f0098d4 e-con-full e-flex e-con e-child\" data-id=\"f0098d4\" data-element_type=\"container\">\n\t\t\t\t<div class=\"elementor-element elementor-element-6580925 elementor-widget__width-initial elementor-widget elementor-widget-text-editor\" data-id=\"6580925\" data-element_type=\"widget\" data-widget_type=\"text-editor.default\">\n\t\t\t\t\t\t\t\t\t<p><span dir=\"auto\">V sezoni cene namestitev na Jahorini dose\u017eejo vrhunec, zato je zaradi velikega povpra\u0161evanja priporo\u010dljivo rezervirati vnaprej. Cene apartmajev se v zimskih mesecih gibljejo okoli 80\u2013200 evrov na no\u010d, medtem ko cene izven sezone znatno padejo. Po\u010ditni\u0161ke hi\u0161ice in vile so lahko dra\u017eje, zlasti v bli\u017eini priljubljenih poti in turisti\u010dnih obmo\u010dij.<\/span><\/p><p><span dir=\"auto\">Za rezervacije in dodatne informacije o nastanitvah na Jahorini priporo\u010damo platforme, kot je\u00a0<\/span><a href=\"https:\/\/translate.google.com\/website?sl=hr&amp;tl=en&amp;hl=en&amp;client=webapp&amp;u=https:\/\/www.booking.com\/hotel\/ba\/bestblick-apartments-jahorina-snjezna-dolina.en-gb.html\"><strong><span dir=\"auto\">booking.com<\/span><\/strong><\/a><span dir=\"auto\">\u00a0, in specializirane potovalne agencije, ki ponujajo a\u017eurne informacije o cenah, razpolo\u017eljivosti in ocenah gostov.<\/span><\/p>\t\t\t\t\t\t\t\t<\/div>\n\t\t\t\t<\/div>\n\t\t\t\t\t<\/details>\n\t\t\t\t\t<\/div>\n\t\t\t\t\t\t<\/div>\n\t\t\t\t<\/div>\n\t\t<div class=\"elementor-element elementor-element-7c44126 e-con-full e-flex e-con e-child\" data-id=\"7c44126\" data-element_type=\"container\">\n\t\t\t\t<div class=\"elementor-element elementor-element-5b562f9 elementor-invisible elementor-widget elementor-widget-image\" data-id=\"5b562f9\" data-element_type=\"widget\" data-settings=\"{&quot;_animation&quot;:&quot;opal-move-left&quot;}\" data-widget_type=\"image.default\">\n\t\t\t\t\t<div class=\"antra-wrapper-image-widget\" data-cursor=\"-opaque\">\t\t\t\t\t\t\t\t\t\t<img loading=\"lazy\" decoding=\"async\" width=\"2560\" height=\"1440\" src=\"https:\/\/apartments-jahorina.com\/wp-content\/uploads\/2025\/11\/gal3-scaled.jpg\" class=\"attachment-full size-full wp-image-11359\" alt=\"\" srcset=\"https:\/\/apartments-jahorina.com\/wp-content\/uploads\/2025\/11\/gal3-scaled.jpg 2560w, https:\/\/apartments-jahorina.com\/wp-content\/uploads\/2025\/11\/gal3-300x169.jpg 300w, https:\/\/apartments-jahorina.com\/wp-content\/uploads\/2025\/11\/gal3-1024x576.jpg 1024w, https:\/\/apartments-jahorina.com\/wp-content\/uploads\/2025\/11\/gal3-768x432.jpg 768w, https:\/\/apartments-jahorina.com\/wp-content\/uploads\/2025\/11\/gal3-1536x864.jpg 1536w, https:\/\/apartments-jahorina.com\/wp-content\/uploads\/2025\/11\/gal3-2048x1152.jpg 2048w, https:\/\/apartments-jahorina.com\/wp-content\/uploads\/2025\/11\/gal3-860x484.jpg 860w, https:\/\/apartments-jahorina.com\/wp-content\/uploads\/2025\/11\/gal3-1000x563.jpg 1000w\" sizes=\"(max-width: 2560px) 100vw, 2560px\" \/>\t\t\t\t\t\t\t\t\t\t\t<\/div>\t\t\t\t<\/div>\n\t\t\t\t<\/div>\n\t\t\t\t<\/div>\n\t\t\t\t\t<\/div>\n\t\t\t\t<\/div>\n\t\t\t\t<\/div>\n\t\t","protected":false},"excerpt":{"rendered":"<p>Najem nastanitve na Jahorini \u2013 Popolne po\u010ditnice za ljubitelje narave in smu\u010danja Jahorina je priljubljena destinacija za ljubitelje zimskih \u0161portov in narave, najem nastanitev na tej gori pa ponuja \u0161iroko paleto mo\u017enosti, od luksuznih\u00a0apartmajev\u00a0do udobnih ko\u010d in cenovno ugodnih penzionov. Nastanitve se nahajajo v bli\u017eini glavnih smu\u010di\u0161\u010d, kar je idealno za goste, ki si \u017eelijo [&hellip;]<\/p>\n","protected":false},"author":1,"featured_media":0,"parent":0,"menu_order":0,"comment_status":"closed","ping_status":"closed","template":"","meta":{"footnotes":""},"class_list":["post-13351","page","type-page","status-publish","hentry"],"yoast_head":"<!-- This site is optimized with the Yoast SEO plugin v26.4 - https:\/\/yoast.com\/wordpress\/plugins\/seo\/ -->\n<title>Najem nastanitve na Jahorini - BESTBLICK Apartments Jahorina<\/title>\n<meta name=\"robots\" content=\"index, follow, max-snippet:-1, max-image-preview:large, max-video-preview:-1\" \/>\n<link rel=\"canonical\" href=\"https:\/\/apartments-jahorina.com\/sl\/najem-nastanitve-na-jahorini\/\" \/>\n<meta property=\"og:locale\" content=\"sl_SI\" \/>\n<meta property=\"og:type\" content=\"article\" \/>\n<meta property=\"og:title\" content=\"Najem nastanitve na Jahorini - BESTBLICK Apartments Jahorina\" \/>\n<meta property=\"og:description\" content=\"Najem nastanitve na Jahorini \u2013 Popolne po\u010ditnice za ljubitelje narave in smu\u010danja Jahorina je priljubljena destinacija za ljubitelje zimskih \u0161portov in narave, najem nastanitev na tej gori pa ponuja \u0161iroko paleto mo\u017enosti, od luksuznih\u00a0apartmajev\u00a0do udobnih ko\u010d in cenovno ugodnih penzionov. Nastanitve se nahajajo v bli\u017eini glavnih smu\u010di\u0161\u010d, kar je idealno za goste, ki si \u017eelijo [&hellip;]\" \/>\n<meta property=\"og:url\" content=\"https:\/\/apartments-jahorina.com\/sl\/najem-nastanitve-na-jahorini\/\" \/>\n<meta property=\"og:site_name\" content=\"BESTBLICK Apartments Jahorina\" \/>\n<meta property=\"article:modified_time\" content=\"2026-02-03T11:45:19+00:00\" \/>\n<meta property=\"og:image\" content=\"https:\/\/apartments-jahorina.com\/wp-content\/uploads\/2025\/11\/gal3-scaled.jpg\" \/>\n\t<meta property=\"og:image:width\" content=\"2560\" \/>\n\t<meta property=\"og:image:height\" content=\"1440\" \/>\n\t<meta property=\"og:image:type\" content=\"image\/jpeg\" \/>\n<meta name=\"twitter:card\" content=\"summary_large_image\" \/>\n<script type=\"application\/ld+json\" class=\"yoast-schema-graph\">{\"@context\":\"https:\/\/schema.org\",\"@graph\":[{\"@type\":\"WebPage\",\"@id\":\"https:\/\/apartments-jahorina.com\/sl\/najem-nastanitve-na-jahorini\/\",\"url\":\"https:\/\/apartments-jahorina.com\/sl\/najem-nastanitve-na-jahorini\/\",\"name\":\"Najem nastanitve na Jahorini - BESTBLICK Apartments Jahorina\",\"isPartOf\":{\"@id\":\"https:\/\/apartments-jahorina.com\/#website\"},\"primaryImageOfPage\":{\"@id\":\"https:\/\/apartments-jahorina.com\/sl\/najem-nastanitve-na-jahorini\/#primaryimage\"},\"image\":{\"@id\":\"https:\/\/apartments-jahorina.com\/sl\/najem-nastanitve-na-jahorini\/#primaryimage\"},\"thumbnailUrl\":\"https:\/\/apartments-jahorina.com\/wp-content\/uploads\/2025\/11\/gal3-scaled.jpg\",\"datePublished\":\"2026-02-02T03:02:21+00:00\",\"dateModified\":\"2026-02-03T11:45:19+00:00\",\"breadcrumb\":{\"@id\":\"https:\/\/apartments-jahorina.com\/sl\/najem-nastanitve-na-jahorini\/#breadcrumb\"},\"inLanguage\":\"sl-SI\",\"potentialAction\":[{\"@type\":\"ReadAction\",\"target\":[\"https:\/\/apartments-jahorina.com\/sl\/najem-nastanitve-na-jahorini\/\"]}]},{\"@type\":\"ImageObject\",\"inLanguage\":\"sl-SI\",\"@id\":\"https:\/\/apartments-jahorina.com\/sl\/najem-nastanitve-na-jahorini\/#primaryimage\",\"url\":\"https:\/\/apartments-jahorina.com\/wp-content\/uploads\/2025\/11\/gal3-scaled.jpg\",\"contentUrl\":\"https:\/\/apartments-jahorina.com\/wp-content\/uploads\/2025\/11\/gal3-scaled.jpg\"},{\"@type\":\"BreadcrumbList\",\"@id\":\"https:\/\/apartments-jahorina.com\/sl\/najem-nastanitve-na-jahorini\/#breadcrumb\",\"itemListElement\":[{\"@type\":\"ListItem\",\"position\":1,\"name\":\"Home\",\"item\":\"https:\/\/apartments-jahorina.com\/sl\/\"},{\"@type\":\"ListItem\",\"position\":2,\"name\":\"Najem nastanitve na Jahorini\"}]},{\"@type\":\"WebSite\",\"@id\":\"https:\/\/apartments-jahorina.com\/#website\",\"url\":\"https:\/\/apartments-jahorina.com\/\",\"name\":\"BESTBLICK Apartments Jahorina\",\"description\":\"Moderni apartmani s pogledom na ski-stazu\",\"potentialAction\":[{\"@type\":\"SearchAction\",\"target\":{\"@type\":\"EntryPoint\",\"urlTemplate\":\"https:\/\/apartments-jahorina.com\/?s={search_term_string}\"},\"query-input\":{\"@type\":\"PropertyValueSpecification\",\"valueRequired\":true,\"valueName\":\"search_term_string\"}}],\"inLanguage\":\"sl-SI\"}]}<\/script>\n<!-- \/ Yoast SEO plugin. -->","yoast_head_json":{"title":"Najem nastanitve na Jahorini - BESTBLICK Apartments Jahorina","robots":{"index":"index","follow":"follow","max-snippet":"max-snippet:-1","max-image-preview":"max-image-preview:large","max-video-preview":"max-video-preview:-1"},"canonical":"https:\/\/apartments-jahorina.com\/sl\/najem-nastanitve-na-jahorini\/","og_locale":"sl_SI","og_type":"article","og_title":"Najem nastanitve na Jahorini - BESTBLICK Apartments Jahorina","og_description":"Najem nastanitve na Jahorini \u2013 Popolne po\u010ditnice za ljubitelje narave in smu\u010danja Jahorina je priljubljena destinacija za ljubitelje zimskih \u0161portov in narave, najem nastanitev na tej gori pa ponuja \u0161iroko paleto mo\u017enosti, od luksuznih\u00a0apartmajev\u00a0do udobnih ko\u010d in cenovno ugodnih penzionov. Nastanitve se nahajajo v bli\u017eini glavnih smu\u010di\u0161\u010d, kar je idealno za goste, ki si \u017eelijo [&hellip;]","og_url":"https:\/\/apartments-jahorina.com\/sl\/najem-nastanitve-na-jahorini\/","og_site_name":"BESTBLICK Apartments Jahorina","article_modified_time":"2026-02-03T11:45:19+00:00","og_image":[{"width":2560,"height":1440,"url":"https:\/\/apartments-jahorina.com\/wp-content\/uploads\/2025\/11\/gal3-scaled.jpg","type":"image\/jpeg"}],"twitter_card":"summary_large_image","schema":{"@context":"https:\/\/schema.org","@graph":[{"@type":"WebPage","@id":"https:\/\/apartments-jahorina.com\/sl\/najem-nastanitve-na-jahorini\/","url":"https:\/\/apartments-jahorina.com\/sl\/najem-nastanitve-na-jahorini\/","name":"Najem nastanitve na Jahorini - BESTBLICK Apartments Jahorina","isPartOf":{"@id":"https:\/\/apartments-jahorina.com\/#website"},"primaryImageOfPage":{"@id":"https:\/\/apartments-jahorina.com\/sl\/najem-nastanitve-na-jahorini\/#primaryimage"},"image":{"@id":"https:\/\/apartments-jahorina.com\/sl\/najem-nastanitve-na-jahorini\/#primaryimage"},"thumbnailUrl":"https:\/\/apartments-jahorina.com\/wp-content\/uploads\/2025\/11\/gal3-scaled.jpg","datePublished":"2026-02-02T03:02:21+00:00","dateModified":"2026-02-03T11:45:19+00:00","breadcrumb":{"@id":"https:\/\/apartments-jahorina.com\/sl\/najem-nastanitve-na-jahorini\/#breadcrumb"},"inLanguage":"sl-SI","potentialAction":[{"@type":"ReadAction","target":["https:\/\/apartments-jahorina.com\/sl\/najem-nastanitve-na-jahorini\/"]}]},{"@type":"ImageObject","inLanguage":"sl-SI","@id":"https:\/\/apartments-jahorina.com\/sl\/najem-nastanitve-na-jahorini\/#primaryimage","url":"https:\/\/apartments-jahorina.com\/wp-content\/uploads\/2025\/11\/gal3-scaled.jpg","contentUrl":"https:\/\/apartments-jahorina.com\/wp-content\/uploads\/2025\/11\/gal3-scaled.jpg"},{"@type":"BreadcrumbList","@id":"https:\/\/apartments-jahorina.com\/sl\/najem-nastanitve-na-jahorini\/#breadcrumb","itemListElement":[{"@type":"ListItem","position":1,"name":"Home","item":"https:\/\/apartments-jahorina.com\/sl\/"},{"@type":"ListItem","position":2,"name":"Najem nastanitve na Jahorini"}]},{"@type":"WebSite","@id":"https:\/\/apartments-jahorina.com\/#website","url":"https:\/\/apartments-jahorina.com\/","name":"BESTBLICK Apartments Jahorina","description":"Moderni apartmani s pogledom na ski-stazu","potentialAction":[{"@type":"SearchAction","target":{"@type":"EntryPoint","urlTemplate":"https:\/\/apartments-jahorina.com\/?s={search_term_string}"},"query-input":{"@type":"PropertyValueSpecification","valueRequired":true,"valueName":"search_term_string"}}],"inLanguage":"sl-SI"}]}},"_links":{"self":[{"href":"https:\/\/apartments-jahorina.com\/sl\/wp-json\/wp\/v2\/pages\/13351","targetHints":{"allow":["GET"]}}],"collection":[{"href":"https:\/\/apartments-jahorina.com\/sl\/wp-json\/wp\/v2\/pages"}],"about":[{"href":"https:\/\/apartments-jahorina.com\/sl\/wp-json\/wp\/v2\/types\/page"}],"author":[{"embeddable":true,"href":"https:\/\/apartments-jahorina.com\/sl\/wp-json\/wp\/v2\/users\/1"}],"replies":[{"embeddable":true,"href":"https:\/\/apartments-jahorina.com\/sl\/wp-json\/wp\/v2\/comments?post=13351"}],"version-history":[{"count":9,"href":"https:\/\/apartments-jahorina.com\/sl\/wp-json\/wp\/v2\/pages\/13351\/revisions"}],"predecessor-version":[{"id":13431,"href":"https:\/\/apartments-jahorina.com\/sl\/wp-json\/wp\/v2\/pages\/13351\/revisions\/13431"}],"wp:attachment":[{"href":"https:\/\/apartments-jahorina.com\/sl\/wp-json\/wp\/v2\/media?parent=13351"}],"curies":[{"name":"wp","href":"https:\/\/api.w.org\/{rel}","templated":true}]}}