{"id":13441,"date":"2026-02-04T02:20:19","date_gmt":"2026-02-04T02:20:19","guid":{"rendered":"https:\/\/apartments-jahorina.com\/?page_id=13441"},"modified":"2026-02-04T02:51:08","modified_gmt":"2026-02-04T02:51:08","slug":"kam-smucati","status":"publish","type":"page","link":"https:\/\/apartments-jahorina.com\/sl\/kam-smucati\/","title":{"rendered":"Kam smu\u010dati?"},"content":{"rendered":"\t\t<div data-elementor-type=\"wp-page\" data-elementor-id=\"13441\" class=\"elementor elementor-13441 elementor-13435\">\n\t\t\t\t<div class=\"elementor-element elementor-element-12b6bd6 e-flex e-con-boxed e-con e-parent\" data-id=\"12b6bd6\" data-element_type=\"container\">\n\t\t\t\t\t<div class=\"e-con-inner\">\n\t\t<div class=\"elementor-element elementor-element-7b8b529 e-con-full e-flex e-con e-child\" data-id=\"7b8b529\" data-element_type=\"container\">\n\t\t<div class=\"elementor-element elementor-element-52f5450 e-con-full e-flex e-con e-child\" data-id=\"52f5450\" data-element_type=\"container\">\n\t\t\t\t<div class=\"elementor-element elementor-element-ef7ac5e elementor-absolute elementor-hidden-mobile elementor-view-default elementor-invisible elementor-widget elementor-widget-icon\" data-id=\"ef7ac5e\" data-element_type=\"widget\" data-settings=\"{&quot;_position&quot;:&quot;absolute&quot;,&quot;motion_fx_motion_fx_scrolling&quot;:&quot;yes&quot;,&quot;motion_fx_translateX_effect&quot;:&quot;yes&quot;,&quot;motion_fx_translateX_speed&quot;:{&quot;unit&quot;:&quot;px&quot;,&quot;size&quot;:1.5,&quot;sizes&quot;:[]},&quot;_animation&quot;:&quot;opal-move-right&quot;,&quot;motion_fx_translateX_affectedRange&quot;:{&quot;unit&quot;:&quot;%&quot;,&quot;size&quot;:&quot;&quot;,&quot;sizes&quot;:{&quot;start&quot;:0,&quot;end&quot;:100}},&quot;motion_fx_devices&quot;:[&quot;desktop&quot;,&quot;laptop&quot;,&quot;tablet_extra&quot;,&quot;tablet&quot;,&quot;mobile_extra&quot;,&quot;mobile&quot;]}\" data-widget_type=\"icon.default\">\n\t\t\t\t\t\t\t<div class=\"elementor-icon-wrapper\">\n\t\t\t<div class=\"elementor-icon\">\n\t\t\t\t\t\t<\/div>\n\t\t<\/div>\n\t\t\t\t\t\t<\/div>\n\t\t\t\t<div class=\"elementor-element elementor-element-7a3b481 elementor-widget__width-auto elementor-absolute elementor-hidden-mobile elementor-view-default elementor-invisible elementor-widget elementor-widget-icon\" data-id=\"7a3b481\" data-element_type=\"widget\" data-settings=\"{&quot;_position&quot;:&quot;absolute&quot;,&quot;motion_fx_motion_fx_scrolling&quot;:&quot;yes&quot;,&quot;motion_fx_translateY_effect&quot;:&quot;yes&quot;,&quot;motion_fx_translateY_direction&quot;:&quot;negative&quot;,&quot;motion_fx_translateY_speed&quot;:{&quot;unit&quot;:&quot;px&quot;,&quot;size&quot;:1.2,&quot;sizes&quot;:[]},&quot;_animation&quot;:&quot;opal-move-down&quot;,&quot;motion_fx_translateY_affectedRange&quot;:{&quot;unit&quot;:&quot;%&quot;,&quot;size&quot;:&quot;&quot;,&quot;sizes&quot;:{&quot;start&quot;:0,&quot;end&quot;:100}},&quot;motion_fx_devices&quot;:[&quot;desktop&quot;,&quot;laptop&quot;,&quot;tablet_extra&quot;,&quot;tablet&quot;,&quot;mobile_extra&quot;,&quot;mobile&quot;]}\" data-widget_type=\"icon.default\">\n\t\t\t\t\t\t\t<div class=\"elementor-icon-wrapper\">\n\t\t\t<div class=\"elementor-icon\">\n\t\t\t\t\t\t<\/div>\n\t\t<\/div>\n\t\t\t\t\t\t<\/div>\n\t\t\t\t<\/div>\n\t\t<div class=\"elementor-element elementor-element-4e0b3cc e-con-full e-flex e-con e-child\" data-id=\"4e0b3cc\" data-element_type=\"container\">\n\t\t\t\t<div class=\"elementor-element elementor-element-6bc46d3 elementor-widget__width-initial elementor-invisible elementor-widget elementor-widget-heading\" data-id=\"6bc46d3\" data-element_type=\"widget\" data-settings=\"{&quot;_animation&quot;:&quot;opal-move-left&quot;}\" data-widget_type=\"heading.default\">\n\t\t\t\t\t<h2 data-cursor=\"-opaque\" class=\"elementor-heading-title elementor-size-default\">Kam smu\u010dati? Jahorina  \u2013  <span class=\"c-primary\">Popoln vodnik po zimskih pustolov\u0161\u010dinah<\/span><\/h2>\t\t\t\t<\/div>\n\t\t\t\t<div class=\"elementor-element elementor-element-4aa09f6 elementor-widget__width-initial elementor-invisible elementor-widget elementor-widget-text-editor\" data-id=\"4aa09f6\" data-element_type=\"widget\" data-settings=\"{&quot;_animation&quot;:&quot;opal-move-left&quot;}\" data-widget_type=\"text-editor.default\">\n\t\t\t\t\t\t\t\t\t<p>Jahorina je ena najbolj znanih smu\u010darskih destinacij na Balkanu, ki ponuja izjemno zimsko \u0161portno izku\u0161njo v osr\u010dju Bosne in Hercegovine. Z impresivnimi 45 km urejenih prog Jahorina ponuja razli\u010dne mo\u017enosti za vse vrste smu\u010darjev &#8211; od za\u010detnikov do profesionalcev. Poleg smu\u010danja Jahorina ponuja deskanje na snegu, no\u010dno smu\u010danje, sankanje in \u0161tevilne druge aktivnosti.<\/p>\t\t\t\t\t\t\t\t<\/div>\n\t\t\t\t<\/div>\n\t\t\t\t<\/div>\n\t\t<div class=\"elementor-element elementor-element-300ae1a e-con-full e-flex e-con e-child\" data-id=\"300ae1a\" data-element_type=\"container\">\n\t\t<div class=\"elementor-element elementor-element-70f5e3f e-con-full e-flex e-con e-child\" data-id=\"70f5e3f\" data-element_type=\"container\">\n\t\t\t\t<div class=\"elementor-element elementor-element-67151ae elementor-invisible elementor-widget elementor-widget-n-accordion\" data-id=\"67151ae\" data-element_type=\"widget\" data-settings=\"{&quot;_animation&quot;:&quot;opal-move-right&quot;,&quot;default_state&quot;:&quot;all_collapsed&quot;,&quot;max_items_expended&quot;:&quot;one&quot;,&quot;n_accordion_animation_duration&quot;:{&quot;unit&quot;:&quot;ms&quot;,&quot;size&quot;:400,&quot;sizes&quot;:[]}}\" data-widget_type=\"nested-accordion.default\">\n\t\t\t\t\t\t\t<div class=\"e-n-accordion\" aria-label=\"Accordion. Open links with Enter or Space, close with Escape, and navigate with Arrow Keys\">\n\t\t\t\t\t\t<details id=\"e-n-accordion-item-1080\" class=\"e-n-accordion-item\" >\n\t\t\t\t<summary class=\"e-n-accordion-item-title\" data-accordion-index=\"1\" tabindex=\"0\" aria-expanded=\"false\" aria-controls=\"e-n-accordion-item-1080\" >\n\t\t\t\t\t<span class='e-n-accordion-item-title-header'><div class=\"e-n-accordion-item-title-text\"> Najbolj priljubljena smu\u010di\u0161\u010da na Jahorini <\/div><\/span>\n\t\t\t\t\t\t\t<span class='e-n-accordion-item-title-icon'>\n\t\t\t<span class='e-opened' ><i aria-hidden=\"true\" class=\"antra-icon- antra-icon-minus\"><\/i><\/span>\n\t\t\t<span class='e-closed'><i aria-hidden=\"true\" class=\"antra-icon- antra-icon-plus\"><\/i><\/span>\n\t\t<\/span>\n\n\t\t\t\t\t\t<\/summary>\n\t\t\t\t<div role=\"region\" aria-labelledby=\"e-n-accordion-item-1080\" class=\"elementor-element elementor-element-efa299f e-con-full e-flex e-con e-child\" data-id=\"efa299f\" data-element_type=\"container\">\n\t\t\t\t<div class=\"elementor-element elementor-element-bf5b1c6 elementor-widget__width-initial elementor-widget elementor-widget-text-editor\" data-id=\"bf5b1c6\" data-element_type=\"widget\" data-widget_type=\"text-editor.default\">\n\t\t\t\t\t\t\t\t\t<ol><li><p><strong><span dir=\"auto\">Olimpijska pot<\/span><\/strong><br \/><span dir=\"auto\">Olimpijska pot je najdalj\u0161a in najzahtevnej\u0161a proga, zasnovana za izku\u0161ene smu\u010darje, ki i\u0161\u010dejo hitrost in izziv. Ta proga ponuja 900 metrov vi\u0161inske razlike in se razteza od vrha gore do vzno\u017eja, kar izku\u0161enim smu\u010darjem ponuja vznemirljivo izku\u0161njo.<\/span><\/p><\/li><li><p><strong><span dir=\"auto\">Poljice in Rajska dolina<\/span><\/strong><br \/><span dir=\"auto\">Za za\u010detnike in rekreativce sta Poljice in Rajska dolina idealni. \u0160iroke in polo\u017ene proge z manj\u0161o vi\u0161insko razliko omogo\u010dajo varno vo\u017enjo in postopno u\u010denje. Poljice so zaradi sodobnega sistema odsevnikov priljubljene tudi za no\u010dno smu\u010danje.<\/span><\/p><\/li><li><p><strong><span dir=\"auto\">Sne\u017eni park<\/span><\/strong><br \/><span dir=\"auto\">Jahorina ima tudi poseben sne\u017eni park s skoki in ovirami za ljubitelje deskanja na snegu, ki ponuja prostor za ljubitelje prostega sloga in pustolovce.<\/span><\/p><\/li><\/ol>\t\t\t\t\t\t\t\t<\/div>\n\t\t\t\t<\/div>\n\t\t\t\t\t<\/details>\n\t\t\t\t\t\t<details id=\"e-n-accordion-item-1081\" class=\"e-n-accordion-item\" >\n\t\t\t\t<summary class=\"e-n-accordion-item-title\" data-accordion-index=\"2\" tabindex=\"-1\" aria-expanded=\"false\" aria-controls=\"e-n-accordion-item-1081\" >\n\t\t\t\t\t<span class='e-n-accordion-item-title-header'><div class=\"e-n-accordion-item-title-text\"> Dodatne dejavnosti <\/div><\/span>\n\t\t\t\t\t\t\t<span class='e-n-accordion-item-title-icon'>\n\t\t\t<span class='e-opened' ><i aria-hidden=\"true\" class=\"antra-icon- antra-icon-minus\"><\/i><\/span>\n\t\t\t<span class='e-closed'><i aria-hidden=\"true\" class=\"antra-icon- antra-icon-plus\"><\/i><\/span>\n\t\t<\/span>\n\n\t\t\t\t\t\t<\/summary>\n\t\t\t\t<div role=\"region\" aria-labelledby=\"e-n-accordion-item-1081\" class=\"elementor-element elementor-element-f0098d4 e-con-full e-flex e-con e-child\" data-id=\"f0098d4\" data-element_type=\"container\">\n\t\t\t\t<div class=\"elementor-element elementor-element-6580925 elementor-widget__width-initial elementor-widget elementor-widget-text-editor\" data-id=\"6580925\" data-element_type=\"widget\" data-widget_type=\"text-editor.default\">\n\t\t\t\t\t\t\t\t\t<p><span dir=\"auto\">Poleg smu\u010danja se lahko obiskovalci Jahorine preizkusijo v\u00a0<\/span><strong><span dir=\"auto\">sne\u017enih tubah<\/span><\/strong><span dir=\"auto\">\u00a0, sankanju ali pa u\u017eivajo v adrenalinskih aktivnostih, kot je\u00a0<\/span><strong><span dir=\"auto\">zipline<\/span><\/strong><span dir=\"auto\">\u00a0. Na voljo so tudi proge za\u00a0<\/span><strong><span dir=\"auto\">nordijsko smu\u010danje<\/span><\/strong><span dir=\"auto\">\u00a0, ljubitelji gorskih sprehodov pa lahko razi\u0161\u010dejo urejene gorske poti. Otroci in za\u010detniki lahko uporabljajo smu\u010darske \u0161ole in poligone, prilagojene njihovim potrebam, kjer bodo pod nadzorom in\u0161truktorjev pridobili osnovne smu\u010darske ve\u0161\u010dine.<\/span><\/p>\t\t\t\t\t\t\t\t<\/div>\n\t\t\t\t<\/div>\n\t\t\t\t\t<\/details>\n\t\t\t\t\t\t<details id=\"e-n-accordion-item-1082\" class=\"e-n-accordion-item\" >\n\t\t\t\t<summary class=\"e-n-accordion-item-title\" data-accordion-index=\"3\" tabindex=\"-1\" aria-expanded=\"false\" aria-controls=\"e-n-accordion-item-1082\" >\n\t\t\t\t\t<span class='e-n-accordion-item-title-header'><div class=\"e-n-accordion-item-title-text\"> Vle\u010dnice in gondole <\/div><\/span>\n\t\t\t\t\t\t\t<span class='e-n-accordion-item-title-icon'>\n\t\t\t<span class='e-opened' ><i aria-hidden=\"true\" class=\"antra-icon- antra-icon-minus\"><\/i><\/span>\n\t\t\t<span class='e-closed'><i aria-hidden=\"true\" class=\"antra-icon- antra-icon-plus\"><\/i><\/span>\n\t\t<\/span>\n\n\t\t\t\t\t\t<\/summary>\n\t\t\t\t<div role=\"region\" aria-labelledby=\"e-n-accordion-item-1082\" class=\"elementor-element elementor-element-5471b18 e-con-full e-flex e-con e-child\" data-id=\"5471b18\" data-element_type=\"container\">\n\t\t\t\t<div class=\"elementor-element elementor-element-9cf7c35 elementor-widget__width-initial elementor-widget elementor-widget-text-editor\" data-id=\"9cf7c35\" data-element_type=\"widget\" data-widget_type=\"text-editor.default\">\n\t\t\t\t\t\t\t\t\t<p><span dir=\"auto\">Jahorina je opremljena s sedmimi \u017ei\u010dnicami in tremi gondolami, ki omogo\u010dajo hiter in enostaven dostop do glavnih prog, s skupno zmogljivostjo 17.000 smu\u010darjev na uro.\u00a0<\/span><strong><span dir=\"auto\">Sistem umetnega zasne\u017eevanja<\/span><\/strong><span dir=\"auto\">\u00a0zagotavlja zadostno sne\u017eno odejo, tudi ko naravne razmere niso idealne, kar omogo\u010da dalj\u0161o smu\u010darsko sezono. \u017di\u010dnice obratujejo od 9. do 16. ure, no\u010dna smuka pa je mo\u017ena od 18. do 21. ure, kar vam omogo\u010da, da kar najbolje izkoristite dan.<\/span><\/p>\t\t\t\t\t\t\t\t<\/div>\n\t\t\t\t<\/div>\n\t\t\t\t\t<\/details>\n\t\t\t\t\t\t<details id=\"e-n-accordion-item-1083\" class=\"e-n-accordion-item\" >\n\t\t\t\t<summary class=\"e-n-accordion-item-title\" data-accordion-index=\"4\" tabindex=\"-1\" aria-expanded=\"false\" aria-controls=\"e-n-accordion-item-1083\" >\n\t\t\t\t\t<span class='e-n-accordion-item-title-header'><div class=\"e-n-accordion-item-title-text\"> Namestitev in Apres-Ski <\/div><\/span>\n\t\t\t\t\t\t\t<span class='e-n-accordion-item-title-icon'>\n\t\t\t<span class='e-opened' ><i aria-hidden=\"true\" class=\"antra-icon- antra-icon-minus\"><\/i><\/span>\n\t\t\t<span class='e-closed'><i aria-hidden=\"true\" class=\"antra-icon- antra-icon-plus\"><\/i><\/span>\n\t\t<\/span>\n\n\t\t\t\t\t\t<\/summary>\n\t\t\t\t<div role=\"region\" aria-labelledby=\"e-n-accordion-item-1083\" class=\"elementor-element elementor-element-f6211a5 e-con-full e-flex e-con e-child\" data-id=\"f6211a5\" data-element_type=\"container\">\n\t\t\t\t<div class=\"elementor-element elementor-element-57d17d2 elementor-widget__width-initial elementor-widget elementor-widget-text-editor\" data-id=\"57d17d2\" data-element_type=\"widget\" data-widget_type=\"text-editor.default\">\n\t\t\t\t\t\t\t\t\t<p><span dir=\"auto\">Na Jahorini lahko najdete veliko izbiro\u00a0<\/span><a href=\"https:\/\/apartments--jahorina-com.translate.goog\/OLD\/smjestaj-jahorina\/?_x_tr_sl=hr&amp;_x_tr_tl=en&amp;_x_tr_hl=en&amp;_x_tr_pto=wapp\"><span dir=\"auto\">namestitev<\/span><\/a><span dir=\"auto\">\u00a0&#8211; od luksuznih hotelov, zasebnih apartmajev, do cenovno ugodnej\u0161ih gorskih hi\u0161. Ponudba po smu\u010danju je bogata z restavracijami, bari in spa centri, kjer lahko po smu\u010danju u\u017eivate v lokalnih specialitetah, sprostitvi v savni ali masa\u017eah. Jahorina se nahaja v bli\u017eini Sarajeva, kar omogo\u010da kulturni izlet v prestolnico Bosne in Hercegovine.<\/span><\/p><p><span dir=\"auto\">Jahorina je idealna destinacija za tiste, ki i\u0161\u010dejo kakovostno smu\u010danje, pa tudi splo\u0161no zimsko izku\u0161njo, polno pustolov\u0161\u010din, sprostitve in u\u017eivanja v naravi.<\/span><\/p>\t\t\t\t\t\t\t\t<\/div>\n\t\t\t\t<\/div>\n\t\t\t\t\t<\/details>\n\t\t\t\t\t<\/div>\n\t\t\t\t\t\t<\/div>\n\t\t\t\t<\/div>\n\t\t<div class=\"elementor-element elementor-element-7c44126 e-con-full e-flex e-con e-child\" data-id=\"7c44126\" data-element_type=\"container\">\n\t\t\t\t<div class=\"elementor-element elementor-element-5b562f9 elementor-invisible elementor-widget elementor-widget-image\" data-id=\"5b562f9\" data-element_type=\"widget\" data-settings=\"{&quot;_animation&quot;:&quot;opal-move-left&quot;}\" data-widget_type=\"image.default\">\n\t\t\t\t\t<div class=\"antra-wrapper-image-widget\" data-cursor=\"-opaque\">\t\t\t\t\t\t\t\t\t\t<img loading=\"lazy\" decoding=\"async\" width=\"2560\" height=\"1920\" src=\"https:\/\/apartments-jahorina.com\/wp-content\/uploads\/2025\/11\/luka-scaled.jpeg\" class=\"attachment-full size-full wp-image-11243\" alt=\"\" srcset=\"https:\/\/apartments-jahorina.com\/wp-content\/uploads\/2025\/11\/luka-scaled.jpeg 2560w, https:\/\/apartments-jahorina.com\/wp-content\/uploads\/2025\/11\/luka-300x225.jpeg 300w, https:\/\/apartments-jahorina.com\/wp-content\/uploads\/2025\/11\/luka-1024x768.jpeg 1024w, https:\/\/apartments-jahorina.com\/wp-content\/uploads\/2025\/11\/luka-768x576.jpeg 768w, https:\/\/apartments-jahorina.com\/wp-content\/uploads\/2025\/11\/luka-1536x1152.jpeg 1536w, https:\/\/apartments-jahorina.com\/wp-content\/uploads\/2025\/11\/luka-2048x1536.jpeg 2048w, https:\/\/apartments-jahorina.com\/wp-content\/uploads\/2025\/11\/luka-839x629.jpeg 839w, https:\/\/apartments-jahorina.com\/wp-content\/uploads\/2025\/11\/luka-1000x750.jpeg 1000w\" sizes=\"(max-width: 2560px) 100vw, 2560px\" \/>\t\t\t\t\t\t\t\t\t\t\t<\/div>\t\t\t\t<\/div>\n\t\t\t\t<\/div>\n\t\t\t\t<\/div>\n\t\t\t\t\t<\/div>\n\t\t\t\t<\/div>\n\t\t\t\t<\/div>\n\t\t","protected":false},"excerpt":{"rendered":"<p>Kam smu\u010dati? Jahorina \u2013 Popoln vodnik po zimskih pustolov\u0161\u010dinah Jahorina je ena najbolj znanih smu\u010darskih destinacij na Balkanu, ki ponuja izjemno zimsko \u0161portno izku\u0161njo v osr\u010dju Bosne in Hercegovine. Z impresivnimi 45 km urejenih prog Jahorina ponuja razli\u010dne mo\u017enosti za vse vrste smu\u010darjev &#8211; od za\u010detnikov do profesionalcev. Poleg smu\u010danja Jahorina ponuja deskanje na snegu, [&hellip;]<\/p>\n","protected":false},"author":1,"featured_media":0,"parent":0,"menu_order":0,"comment_status":"closed","ping_status":"closed","template":"","meta":{"footnotes":""},"class_list":["post-13441","page","type-page","status-publish","hentry"],"yoast_head":"<!-- This site is optimized with the Yoast SEO plugin v26.4 - https:\/\/yoast.com\/wordpress\/plugins\/seo\/ -->\n<title>Kam smu\u010dati? - BESTBLICK Apartments Jahorina<\/title>\n<meta name=\"robots\" content=\"index, follow, max-snippet:-1, max-image-preview:large, max-video-preview:-1\" \/>\n<link rel=\"canonical\" href=\"https:\/\/apartments-jahorina.com\/sl\/kam-smucati\/\" \/>\n<meta property=\"og:locale\" content=\"sl_SI\" \/>\n<meta property=\"og:type\" content=\"article\" \/>\n<meta property=\"og:title\" content=\"Kam smu\u010dati? - BESTBLICK Apartments Jahorina\" \/>\n<meta property=\"og:description\" content=\"Kam smu\u010dati? Jahorina \u2013 Popoln vodnik po zimskih pustolov\u0161\u010dinah Jahorina je ena najbolj znanih smu\u010darskih destinacij na Balkanu, ki ponuja izjemno zimsko \u0161portno izku\u0161njo v osr\u010dju Bosne in Hercegovine. Z impresivnimi 45 km urejenih prog Jahorina ponuja razli\u010dne mo\u017enosti za vse vrste smu\u010darjev &#8211; od za\u010detnikov do profesionalcev. Poleg smu\u010danja Jahorina ponuja deskanje na snegu, [&hellip;]\" \/>\n<meta property=\"og:url\" content=\"https:\/\/apartments-jahorina.com\/sl\/kam-smucati\/\" \/>\n<meta property=\"og:site_name\" content=\"BESTBLICK Apartments Jahorina\" \/>\n<meta property=\"article:modified_time\" content=\"2026-02-04T02:51:08+00:00\" \/>\n<meta property=\"og:image\" content=\"https:\/\/apartments-jahorina.com\/wp-content\/uploads\/2025\/11\/luka-scaled.jpeg\" \/>\n\t<meta property=\"og:image:width\" content=\"2560\" \/>\n\t<meta property=\"og:image:height\" content=\"1920\" \/>\n\t<meta property=\"og:image:type\" content=\"image\/jpeg\" \/>\n<meta name=\"twitter:card\" content=\"summary_large_image\" \/>\n<meta name=\"twitter:label1\" content=\"Est. reading time\" \/>\n\t<meta name=\"twitter:data1\" content=\"2 minuti\" \/>\n<script type=\"application\/ld+json\" class=\"yoast-schema-graph\">{\"@context\":\"https:\/\/schema.org\",\"@graph\":[{\"@type\":\"WebPage\",\"@id\":\"https:\/\/apartments-jahorina.com\/sl\/kam-smucati\/\",\"url\":\"https:\/\/apartments-jahorina.com\/sl\/kam-smucati\/\",\"name\":\"Kam smu\u010dati? - BESTBLICK Apartments Jahorina\",\"isPartOf\":{\"@id\":\"https:\/\/apartments-jahorina.com\/#website\"},\"primaryImageOfPage\":{\"@id\":\"https:\/\/apartments-jahorina.com\/sl\/kam-smucati\/#primaryimage\"},\"image\":{\"@id\":\"https:\/\/apartments-jahorina.com\/sl\/kam-smucati\/#primaryimage\"},\"thumbnailUrl\":\"https:\/\/apartments-jahorina.com\/wp-content\/uploads\/2025\/11\/luka-scaled.jpeg\",\"datePublished\":\"2026-02-04T02:20:19+00:00\",\"dateModified\":\"2026-02-04T02:51:08+00:00\",\"breadcrumb\":{\"@id\":\"https:\/\/apartments-jahorina.com\/sl\/kam-smucati\/#breadcrumb\"},\"inLanguage\":\"sl-SI\",\"potentialAction\":[{\"@type\":\"ReadAction\",\"target\":[\"https:\/\/apartments-jahorina.com\/sl\/kam-smucati\/\"]}]},{\"@type\":\"ImageObject\",\"inLanguage\":\"sl-SI\",\"@id\":\"https:\/\/apartments-jahorina.com\/sl\/kam-smucati\/#primaryimage\",\"url\":\"https:\/\/apartments-jahorina.com\/wp-content\/uploads\/2025\/11\/luka-scaled.jpeg\",\"contentUrl\":\"https:\/\/apartments-jahorina.com\/wp-content\/uploads\/2025\/11\/luka-scaled.jpeg\"},{\"@type\":\"BreadcrumbList\",\"@id\":\"https:\/\/apartments-jahorina.com\/sl\/kam-smucati\/#breadcrumb\",\"itemListElement\":[{\"@type\":\"ListItem\",\"position\":1,\"name\":\"Home\",\"item\":\"https:\/\/apartments-jahorina.com\/sl\/\"},{\"@type\":\"ListItem\",\"position\":2,\"name\":\"Kam smu\u010dati?\"}]},{\"@type\":\"WebSite\",\"@id\":\"https:\/\/apartments-jahorina.com\/#website\",\"url\":\"https:\/\/apartments-jahorina.com\/\",\"name\":\"BESTBLICK Apartments Jahorina\",\"description\":\"Moderni apartmani s pogledom na ski-stazu\",\"potentialAction\":[{\"@type\":\"SearchAction\",\"target\":{\"@type\":\"EntryPoint\",\"urlTemplate\":\"https:\/\/apartments-jahorina.com\/?s={search_term_string}\"},\"query-input\":{\"@type\":\"PropertyValueSpecification\",\"valueRequired\":true,\"valueName\":\"search_term_string\"}}],\"inLanguage\":\"sl-SI\"}]}<\/script>\n<!-- \/ Yoast SEO plugin. -->","yoast_head_json":{"title":"Kam smu\u010dati? - BESTBLICK Apartments Jahorina","robots":{"index":"index","follow":"follow","max-snippet":"max-snippet:-1","max-image-preview":"max-image-preview:large","max-video-preview":"max-video-preview:-1"},"canonical":"https:\/\/apartments-jahorina.com\/sl\/kam-smucati\/","og_locale":"sl_SI","og_type":"article","og_title":"Kam smu\u010dati? - BESTBLICK Apartments Jahorina","og_description":"Kam smu\u010dati? Jahorina \u2013 Popoln vodnik po zimskih pustolov\u0161\u010dinah Jahorina je ena najbolj znanih smu\u010darskih destinacij na Balkanu, ki ponuja izjemno zimsko \u0161portno izku\u0161njo v osr\u010dju Bosne in Hercegovine. Z impresivnimi 45 km urejenih prog Jahorina ponuja razli\u010dne mo\u017enosti za vse vrste smu\u010darjev &#8211; od za\u010detnikov do profesionalcev. Poleg smu\u010danja Jahorina ponuja deskanje na snegu, [&hellip;]","og_url":"https:\/\/apartments-jahorina.com\/sl\/kam-smucati\/","og_site_name":"BESTBLICK Apartments Jahorina","article_modified_time":"2026-02-04T02:51:08+00:00","og_image":[{"width":2560,"height":1920,"url":"https:\/\/apartments-jahorina.com\/wp-content\/uploads\/2025\/11\/luka-scaled.jpeg","type":"image\/jpeg"}],"twitter_card":"summary_large_image","twitter_misc":{"Est. reading time":"2 minuti"},"schema":{"@context":"https:\/\/schema.org","@graph":[{"@type":"WebPage","@id":"https:\/\/apartments-jahorina.com\/sl\/kam-smucati\/","url":"https:\/\/apartments-jahorina.com\/sl\/kam-smucati\/","name":"Kam smu\u010dati? - BESTBLICK Apartments Jahorina","isPartOf":{"@id":"https:\/\/apartments-jahorina.com\/#website"},"primaryImageOfPage":{"@id":"https:\/\/apartments-jahorina.com\/sl\/kam-smucati\/#primaryimage"},"image":{"@id":"https:\/\/apartments-jahorina.com\/sl\/kam-smucati\/#primaryimage"},"thumbnailUrl":"https:\/\/apartments-jahorina.com\/wp-content\/uploads\/2025\/11\/luka-scaled.jpeg","datePublished":"2026-02-04T02:20:19+00:00","dateModified":"2026-02-04T02:51:08+00:00","breadcrumb":{"@id":"https:\/\/apartments-jahorina.com\/sl\/kam-smucati\/#breadcrumb"},"inLanguage":"sl-SI","potentialAction":[{"@type":"ReadAction","target":["https:\/\/apartments-jahorina.com\/sl\/kam-smucati\/"]}]},{"@type":"ImageObject","inLanguage":"sl-SI","@id":"https:\/\/apartments-jahorina.com\/sl\/kam-smucati\/#primaryimage","url":"https:\/\/apartments-jahorina.com\/wp-content\/uploads\/2025\/11\/luka-scaled.jpeg","contentUrl":"https:\/\/apartments-jahorina.com\/wp-content\/uploads\/2025\/11\/luka-scaled.jpeg"},{"@type":"BreadcrumbList","@id":"https:\/\/apartments-jahorina.com\/sl\/kam-smucati\/#breadcrumb","itemListElement":[{"@type":"ListItem","position":1,"name":"Home","item":"https:\/\/apartments-jahorina.com\/sl\/"},{"@type":"ListItem","position":2,"name":"Kam smu\u010dati?"}]},{"@type":"WebSite","@id":"https:\/\/apartments-jahorina.com\/#website","url":"https:\/\/apartments-jahorina.com\/","name":"BESTBLICK Apartments Jahorina","description":"Moderni apartmani s pogledom na ski-stazu","potentialAction":[{"@type":"SearchAction","target":{"@type":"EntryPoint","urlTemplate":"https:\/\/apartments-jahorina.com\/?s={search_term_string}"},"query-input":{"@type":"PropertyValueSpecification","valueRequired":true,"valueName":"search_term_string"}}],"inLanguage":"sl-SI"}]}},"_links":{"self":[{"href":"https:\/\/apartments-jahorina.com\/sl\/wp-json\/wp\/v2\/pages\/13441","targetHints":{"allow":["GET"]}}],"collection":[{"href":"https:\/\/apartments-jahorina.com\/sl\/wp-json\/wp\/v2\/pages"}],"about":[{"href":"https:\/\/apartments-jahorina.com\/sl\/wp-json\/wp\/v2\/types\/page"}],"author":[{"embeddable":true,"href":"https:\/\/apartments-jahorina.com\/sl\/wp-json\/wp\/v2\/users\/1"}],"replies":[{"embeddable":true,"href":"https:\/\/apartments-jahorina.com\/sl\/wp-json\/wp\/v2\/comments?post=13441"}],"version-history":[{"count":8,"href":"https:\/\/apartments-jahorina.com\/sl\/wp-json\/wp\/v2\/pages\/13441\/revisions"}],"predecessor-version":[{"id":13504,"href":"https:\/\/apartments-jahorina.com\/sl\/wp-json\/wp\/v2\/pages\/13441\/revisions\/13504"}],"wp:attachment":[{"href":"https:\/\/apartments-jahorina.com\/sl\/wp-json\/wp\/v2\/media?parent=13441"}],"curies":[{"name":"wp","href":"https:\/\/api.w.org\/{rel}","templated":true}]}}